{"id":17,"date":"2025-04-30T13:03:53","date_gmt":"2025-04-30T13:03:53","guid":{"rendered":"https:\/\/blissful-carson.138-201-62-99.plesk.page\/?page_id=17"},"modified":"2025-10-20T14:11:07","modified_gmt":"2025-10-20T14:11:07","slug":"chi-siamo","status":"publish","type":"page","link":"https:\/\/www.brunobalducci.com\/en\/chi-siamo\/","title":{"rendered":"ABOUT US"},"content":{"rendered":"<div>BRUNO BALDUCCI srl,<br \/>fondata il 15 aprile 1944,<br \/>progetta, costruisce<br \/>ed installa impianti di<br \/>aspirazione, filtrazione,<br \/>depolverazione e di<br \/>bonifica ambientale.<\/div>\n<h4>\n<p>Fumi, polveri, gas da impianti di processo, di taglio, di estrusione, di saldatura, di ossitaglio, di taglio al plasma e laser, di molatura, sabbiatura, nebbie oleose, polveri in genere, esalazioni di S.O.V., esalazioni nocive, refili di carta e cartone, rappresentano solo alcuni dei mille problemi che un&#8217;azienda deve oggi affrontare e risolvere.<\/p>\n<\/h4>\n<div>\n<p>Il recepimento nella legislazione italiana delle <strong>direttive Europee \u2013 D.Lgs. n. 81\/08 \u2013 sul &#8220;miglioramento della sicurezza e della salute dei lavoratori sul luogo di lavoro&#8221;<\/strong> contro rischi derivanti da esposizioni ad agenti chimici, fisici e biologici e del <strong>D.Lgs. N. 152\/06 sulla tutela della qualit\u00e0 dell&#8217;aria in generale<\/strong>, impone scelte precise, riferimenti certi ed esperienze consolidate.<\/p>\n<p>Bruno Balducci srl \u00e8 una realt\u00e0 di spicco nel proprio comparto grazie al patrimonio di know-how ed esperienza maturato dal 1944 di ininterrotta attivit\u00e0 e all&#8217;alta specializzazione raggiunta nella fornitura di impianti chiavi in mano.<\/p>\n<\/div>\n<div>\n<p>L&#8217;attivit\u00e0 concerne la realizzazione di una vasta gamma di macchine e impianti per l&#8217;aspirazione e filtrazione di polveri, filtrazione nebbie oleose, trasporto pneumatico, abbattimento di gas. Particolare attenzione \u00e8 rivolta alla filtrazione di polveri potenzialmente esplosive (normativa ATEX),<\/p>\n<\/div>\n<div>\n<p>Bruno Balducci srl opera principalmente per aziende e gruppi di piccole, medie e grandi dimensioni sia in ambito nazionale che internazionale, infatti \u00e8 proprio nella gestione di qualsiasi tipologia di commessa, che l&#8217;azienda valorizza al meglio le proprie caratteristiche produttive.<\/p>\n<p>Bruno Balducci srl si distingue per la perizia nel realizzare interventi complessi e per la capacit\u00e0 di seguire il committente anche al sorgere di nuove esigenze produttive o tecnologiche, per le quali sono richiesti ampliamenti o modifiche agli impianti precedentemente realizzati, anche da altri fornitori.<\/p>\n<p>Contestualmente, una struttura dinamica e flessibile consente a Bruno Balducci srl di essere competitiva ed efficiente anche in lavori di piccola entit\u00e0.<\/p>\n<\/div>\n<ul>\n<li>\n<p>        <img decoding=\"async\" src=\"\/wp-content\/uploads\/2025\/05\/IMG_20220803_154653.jpg\" alt=\"\"><\/p>\n<h3>IMG_20220803_154653<\/h3>\n<\/li>\n<li>\n<p>        <img decoding=\"async\" src=\"\/wp-content\/uploads\/2025\/04\/compact-biffi.jpg\" alt=\"\"><\/p>\n<h3>compact biffi<\/h3>\n<\/li>\n<li>\n<p>        <img decoding=\"async\" src=\"\/wp-content\/uploads\/2025\/04\/IMG_20221108_154234.jpg\" alt=\"\"><\/p>\n<h3>IMG_20221108_154234<\/h3>\n<\/li>\n<li>\n<p>        <img decoding=\"async\" src=\"\/wp-content\/uploads\/2025\/04\/torre-scrubber-e-filtro-a-maniche_0.jpg\" alt=\"\"><\/p>\n<h3>torre scrubber e filtro a maniche_0<\/h3>\n<\/li>\n<li>\n<p>        <img decoding=\"async\" src=\"\/wp-content\/uploads\/2025\/04\/filtro-a-cartucce-mod.-Kitfilter.jpg\" alt=\"\"><\/p>\n<h3>filtro a cartucce mod. Kitfilter<\/h3>\n<\/li>\n<li>\n<p>        <img decoding=\"async\" src=\"\/wp-content\/uploads\/2025\/04\/filtro-a-maniche-Cleanair-con-separatore-refili2_1-scaled.jpg\" alt=\"\"><\/p>\n<h3>filtro a maniche Cleanair con separatore &#8211; refili[2]_1<\/h3>\n<\/li>\n<\/ul>\n<p><!--more--><br \/>\n<!-- {\"type\":\"layout\",\"children\":[{\"type\":\"section\",\"props\":{\"css\":\".uk-card-primary {\\n\\t opacity: 0.9;\\n}\\n\\n.el-section {\\n    position: relative;\\n    overflow: hidden;\\n}\\n\\n.el-section::before {\\n    content: '';\\n    position: absolute;\\n    top: 0;\\n    left: 0;\\n    width: 100%;\\n    height: 100%;\\n    background: inherit; \\\/* Mantiene l'immagine di sfondo *\\\/\\n    clip-path: polygon(0 100%, 100% calc(100% - 150px), 100% 100%, 0 100%); \\\/* Invertito *\\\/\\n    z-index: 1;\\n    pointer-events: none; \\\/* Evita interferenze con il contenuto *\\\/\\n}\\n\\n.el-section > .uk-container {\\n    position: relative;\\n    z-index: 2; \\\/* Porta il contenuto sopra l'effetto *\\\/\\n}\",\"height\":\"viewport\",\"height_offset_top\":true,\"image\":\"wp-content\\\/uploads\\\/2025\\\/05\\\/20180525143424290_0001.jpg\",\"image_position\":\"center-center\",\"image_size\":\"cover\",\"media_focal_point\":\"center-left\",\"style\":\"default\",\"title_breakpoint\":\"xl\",\"title_position\":\"top-left\",\"title_rotation\":\"left\",\"vertical_align\":\"middle\",\"width\":\"default\"},\"children\":[{\"type\":\"row\",\"props\":{\"layout\":\"1-2,1-2\"},\"children\":[{\"type\":\"column\",\"props\":{\"image_position\":\"center-center\",\"position_sticky_breakpoint\":\"m\",\"width_medium\":\"1-2\"}},{\"type\":\"column\",\"props\":{\"css\":\"\\\/* Posizionamento della card con taglio invertito *\\\/\\n.uk-card-primary {\\n    position: absolute; \\\/* Posizionamento assoluto per sovrapporla *\\\/\\n    bottom: 0; \\\/* Allinea al bordo inferiore *\\\/\\n    right: 0; \\\/* Allinea al bordo destro *\\\/\\n    z-index: 3; \\\/* Porta la card sopra il resto *\\\/\\n    max-width: 540px;\\n    margin: 0 20px 20px 0; \\\/* Aggiunge un po' di margine dal bordo *\\\/\\n    box-shadow: 0 4px 10px rgba(0, 0, 0, 0.2); \\\/* Opzionale: aggiunge un'ombra per evidenziare la card *\\\/\\n    clip-path: polygon(0 calc(100% - 50px), 100% 100%, 100% 0, 0 0); \\\/* Taglio invertito *\\\/\\n    overflow: hidden; \\\/* Nasconde il contenuto che esce dal taglio *\\\/\\n}\",\"image_position\":\"center-center\",\"position_sticky_breakpoint\":\"m\",\"style\":\"card-primary\",\"width_medium\":\"1-2\"},\"children\":[{\"type\":\"headline\",\"props\":{\"block_align\":\"center\",\"class\":\"uk-padding\",\"content\":\"BRUNO BALDUCCI srl,<br \\\/>fondata il 15 aprile 1944,<br \\\/>progetta, costruisce<br \\\/>ed installa impianti di<br \\\/>aspirazione, filtrazione,<br \\\/>depolverazione e di<br \\\/>bonifica ambientale.\",\"css\":\".el-element {\\n\\tfont-weight:900;\\n}\",\"maxwidth\":\"large\",\"title_element\":\"div\",\"title_style\":\"h3\"}}]}]}],\"name\":\"hero intro\"},{\"type\":\"section\",\"props\":{\"image_position\":\"center-center\",\"style\":\"default\",\"title_breakpoint\":\"xl\",\"title_position\":\"top-left\",\"title_rotation\":\"left\",\"vertical_align\":\"middle\",\"width\":\"default\"},\"children\":[{\"type\":\"row\",\"props\":{\"layout\":\"1-2,1-2\"},\"children\":[{\"type\":\"column\",\"props\":{\"image_position\":\"center-center\",\"position_sticky_breakpoint\":\"m\",\"width_medium\":\"1-2\"},\"children\":[{\"type\":\"headline\",\"props\":{\"block_align\":\"center\",\"content\":\"\n\n<p>Fumi, polveri, gas da impianti di processo, di taglio, di estrusione, di saldatura, di ossitaglio, di taglio al plasma e laser, di molatura, sabbiatura, nebbie oleose, polveri in genere, esalazioni di S.O.V., esalazioni nocive, refili di carta e cartone, rappresentano solo alcuni dei mille problemi che un'azienda deve oggi affrontare e risolvere.<\\\/p>\",\"maxwidth\":\"large\",\"title_element\":\"h4\"}},{\"type\":\"text\",\"props\":{\"block_align\":\"center\",\"column_breakpoint\":\"m\",\"content\":\"\n\n<p>Il recepimento nella legislazione italiana delle <strong>direttive Europee \\u2013 D.Lgs. n. 81\\\/08 \\u2013 sul \\\"miglioramento della sicurezza e della salute dei lavoratori sul luogo di lavoro\\\"<\\\/strong> contro rischi derivanti da esposizioni ad agenti chimici, fisici e biologici e del <strong>D.Lgs. N. 152\\\/06 sulla tutela della qualit\\u00e0 dell'aria in generale<\\\/strong>, impone scelte precise, riferimenti certi ed esperienze consolidate.<\\\/p>\\n\n\n<p>Bruno Balducci srl \\u00e8 una realt\\u00e0 di spicco nel proprio comparto grazie al patrimonio di know-how ed esperienza maturato dal 1944 di ininterrotta attivit\\u00e0 e all'alta specializzazione raggiunta nella fornitura di impianti chiavi in mano.<\\\/p>\",\"margin\":\"default\",\"maxwidth\":\"large\"}}]},{\"type\":\"column\",\"props\":{\"image_position\":\"center-center\",\"position_sticky_breakpoint\":\"m\",\"width_medium\":\"1-2\"},\"children\":[{\"type\":\"text\",\"props\":{\"block_align\":\"center\",\"column_breakpoint\":\"m\",\"content\":\"\n\n<p>L'attivit\\u00e0 concerne la realizzazione di una vasta gamma di macchine e impianti per l'aspirazione e filtrazione di polveri, filtrazione nebbie oleose, trasporto pneumatico, abbattimento di gas. Particolare attenzione \\u00e8 rivolta alla filtrazione di polveri potenzialmente esplosive (normativa ATEX),<\\\/p>\",\"margin\":\"default\",\"maxwidth\":\"large\"}},{\"type\":\"text\",\"props\":{\"block_align\":\"center\",\"column_breakpoint\":\"m\",\"content\":\"\n\n<p>Bruno Balducci srl opera principalmente per aziende e gruppi di piccole, medie e grandi dimensioni sia in ambito nazionale che internazionale, infatti \\u00e8 proprio nella gestione di qualsiasi tipologia di commessa, che l'azienda valorizza al meglio le proprie caratteristiche produttive.<\\\/p>\\n\n\n<p>Bruno Balducci srl si distingue per la perizia nel realizzare interventi complessi e per la capacit\\u00e0 di seguire il committente anche al sorgere di nuove esigenze produttive o tecnologiche, per le quali sono richiesti ampliamenti o modifiche agli impianti precedentemente realizzati, anche da altri fornitori.<\\\/p>\\n\n\n<p>Contestualmente, una struttura dinamica e flessibile consente a Bruno Balducci srl di essere competitiva ed efficiente anche in lavori di piccola entit\\u00e0.<\\\/p>\",\"margin\":\"default\",\"maxwidth\":\"large\"}}]}]}]},{\"type\":\"section\",\"props\":{\"image_position\":\"center-center\",\"style\":\"default\",\"title_breakpoint\":\"xl\",\"title_position\":\"top-left\",\"title_rotation\":\"left\",\"vertical_align\":\"middle\",\"width\":\"default\"},\"children\":[{\"type\":\"row\",\"children\":[{\"type\":\"column\",\"props\":{\"image_position\":\"center-center\",\"position_sticky_breakpoint\":\"m\"},\"children\":[{\"type\":\"panel-slider\",\"props\":{\"content_column_breakpoint\":\"m\",\"icon_width\":80,\"image_align\":\"top\",\"image_grid_breakpoint\":\"m\",\"image_grid_width\":\"1-2\",\"image_height\":720,\"image_svg_color\":\"emphasis\",\"image_width\":1280,\"link_style\":\"default\",\"link_text\":\"Read more\",\"margin\":\"default\",\"meta_align\":\"below-title\",\"meta_element\":\"div\",\"meta_style\":\"text-meta\",\"nav\":\"\",\"nav_align\":\"center\",\"nav_breakpoint\":\"s\",\"panel_match\":true,\"show_content\":true,\"show_hover_image\":true,\"show_hover_video\":true,\"show_image\":true,\"show_link\":true,\"show_meta\":true,\"show_title\":false,\"show_video\":true,\"slidenav\":\"bottom-left\",\"slidenav_breakpoint\":\"m\",\"slidenav_large\":false,\"slidenav_margin\":\"\",\"slidenav_outside_breakpoint\":\"xl\",\"slider_autoplay_pause\":true,\"slider_gap\":\"default\",\"slider_width\":\"fixed\",\"slider_width_default\":\"5-6\",\"slider_width_medium\":\"\",\"slider_width_small\":\"3-5\",\"title_align\":\"top\",\"title_element\":\"h3\",\"title_grid_breakpoint\":\"m\",\"title_grid_width\":\"1-2\",\"title_hover_style\":\"reset\"},\"children\":[{\"type\":\"panel-slider_item\",\"props\":{\"image\":\"wp-content\\\/uploads\\\/2025\\\/05\\\/IMG_20220803_154653.jpg\",\"title\":\"IMG_20220803_154653\"}},{\"type\":\"panel-slider_item\",\"props\":{\"image\":\"wp-content\\\/uploads\\\/2025\\\/04\\\/compact-biffi.jpg\",\"title\":\"compact biffi\"}},{\"type\":\"panel-slider_item\",\"props\":{\"image\":\"wp-content\\\/uploads\\\/2025\\\/04\\\/IMG_20221108_154234.jpg\",\"title\":\"IMG_20221108_154234\"}},{\"type\":\"panel-slider_item\",\"props\":{\"image\":\"wp-content\\\/uploads\\\/2025\\\/04\\\/torre-scrubber-e-filtro-a-maniche_0.jpg\",\"title\":\"torre scrubber e filtro a maniche_0\"}},{\"type\":\"panel-slider_item\",\"props\":{\"image\":\"wp-content\\\/uploads\\\/2025\\\/04\\\/filtro-a-cartucce-mod.-Kitfilter.jpg\",\"title\":\"filtro a cartucce mod. Kitfilter\"}},{\"type\":\"panel-slider_item\",\"props\":{\"image\":\"wp-content\\\/uploads\\\/2025\\\/04\\\/filtro-a-maniche-Cleanair-con-separatore-refili2_1-scaled.jpg\",\"title\":\"filtro a maniche Cleanair con separatore - refili[2]_1\"}}]}]}]}]}],\"version\":\"4.5.19\"} --><\/p>\n","protected":false},"excerpt":{"rendered":"<p>BRUNO BALDUCCI srl,fondata il 15 aprile 1944,progetta, costruisceed installa impianti diaspirazione, filtrazione,depolverazione e dibonifica ambientale. Fumi, polveri, gas da impianti di processo, di taglio, di estrusione, di saldatura, di ossitaglio, di taglio al plasma e laser, di molatura, sabbiatura, nebbie oleose, polveri in genere, esalazioni di S.O.V., esalazioni nocive, refili di carta e cartone, rappresentano [&hellip;]<\/p>\n","protected":false},"author":1,"featured_media":0,"parent":0,"menu_order":0,"comment_status":"closed","ping_status":"closed","template":"","meta":{"footnotes":""},"class_list":["post-17","page","type-page","status-publish","hentry"],"yoast_head":"<!-- This site is optimized with the Yoast SEO plugin v27.4 - https:\/\/yoast.com\/product\/yoast-seo-wordpress\/ -->\n<title>Chi siamo - Bruno Balducci<\/title>\n<meta name=\"description\" content=\"BRUNO BALDUCCI srl fondata il 15 aprile 1944, progetta, costruisce ed installa impianti di aspirazione, filtrazione,depolverazione e di bonifica ambientale.\" \/>\n<meta name=\"robots\" content=\"index, follow, max-snippet:-1, max-image-preview:large, max-video-preview:-1\" \/>\n<link rel=\"canonical\" href=\"https:\/\/www.brunobalducci.com\/en\/chi-siamo\/\" \/>\n<meta property=\"og:locale\" content=\"en_US\" \/>\n<meta property=\"og:type\" content=\"article\" \/>\n<meta property=\"og:title\" content=\"Chi siamo - Bruno Balducci\" \/>\n<meta property=\"og:description\" content=\"BRUNO BALDUCCI srl fondata il 15 aprile 1944, progetta, costruisce ed installa impianti di aspirazione, filtrazione,depolverazione e di bonifica ambientale.\" \/>\n<meta property=\"og:url\" content=\"https:\/\/www.brunobalducci.com\/en\/chi-siamo\/\" \/>\n<meta property=\"og:site_name\" content=\"Bruno Balducci\" \/>\n<meta property=\"article:modified_time\" content=\"2025-10-20T14:11:07+00:00\" \/>\n<meta name=\"twitter:card\" content=\"summary_large_image\" \/>\n<meta name=\"twitter:label1\" content=\"Est. reading time\" \/>\n\t<meta name=\"twitter:data1\" content=\"3 minutes\" \/>\n<script type=\"application\/ld+json\" class=\"yoast-schema-graph\">{\"@context\":\"https:\\\/\\\/schema.org\",\"@graph\":[{\"@type\":\"WebPage\",\"@id\":\"https:\\\/\\\/www.brunobalducci.com\\\/chi-siamo\\\/\",\"url\":\"https:\\\/\\\/www.brunobalducci.com\\\/chi-siamo\\\/\",\"name\":\"Chi siamo - Bruno Balducci\",\"isPartOf\":{\"@id\":\"https:\\\/\\\/www.brunobalducci.com\\\/#website\"},\"datePublished\":\"2025-04-30T13:03:53+00:00\",\"dateModified\":\"2025-10-20T14:11:07+00:00\",\"description\":\"BRUNO BALDUCCI srl fondata il 15 aprile 1944, progetta, costruisce ed installa impianti di aspirazione, filtrazione,depolverazione e di bonifica ambientale.\",\"breadcrumb\":{\"@id\":\"https:\\\/\\\/www.brunobalducci.com\\\/chi-siamo\\\/#breadcrumb\"},\"inLanguage\":\"en-US\",\"potentialAction\":[{\"@type\":\"ReadAction\",\"target\":[\"https:\\\/\\\/www.brunobalducci.com\\\/chi-siamo\\\/\"]}]},{\"@type\":\"BreadcrumbList\",\"@id\":\"https:\\\/\\\/www.brunobalducci.com\\\/chi-siamo\\\/#breadcrumb\",\"itemListElement\":[{\"@type\":\"ListItem\",\"position\":1,\"name\":\"Home\",\"item\":\"https:\\\/\\\/www.brunobalducci.com\\\/\"},{\"@type\":\"ListItem\",\"position\":2,\"name\":\"CHI SIAMO\"}]},{\"@type\":\"WebSite\",\"@id\":\"https:\\\/\\\/www.brunobalducci.com\\\/#website\",\"url\":\"https:\\\/\\\/www.brunobalducci.com\\\/\",\"name\":\"Bruno Balducci\",\"description\":\"\",\"potentialAction\":[{\"@type\":\"SearchAction\",\"target\":{\"@type\":\"EntryPoint\",\"urlTemplate\":\"https:\\\/\\\/www.brunobalducci.com\\\/?s={search_term_string}\"},\"query-input\":{\"@type\":\"PropertyValueSpecification\",\"valueRequired\":true,\"valueName\":\"search_term_string\"}}],\"inLanguage\":\"en-US\"}]}<\/script>\n<!-- \/ Yoast SEO plugin. -->","yoast_head_json":{"title":"About us - Bruno Balducci","description":"BRUNO BALDUCCI srl, founded on April 15, 1944, designs, builds and installs suction, filtration, dust collection and environmental remediation systems.","robots":{"index":"index","follow":"follow","max-snippet":"max-snippet:-1","max-image-preview":"max-image-preview:large","max-video-preview":"max-video-preview:-1"},"canonical":"https:\/\/www.brunobalducci.com\/en\/chi-siamo\/","og_locale":"en_US","og_type":"article","og_title":"Chi siamo - Bruno Balducci","og_description":"BRUNO BALDUCCI srl fondata il 15 aprile 1944, progetta, costruisce ed installa impianti di aspirazione, filtrazione,depolverazione e di bonifica ambientale.","og_url":"https:\/\/www.brunobalducci.com\/en\/chi-siamo\/","og_site_name":"Bruno Balducci","article_modified_time":"2025-10-20T14:11:07+00:00","twitter_card":"summary_large_image","twitter_misc":{"Est. reading time":"3 minutes"},"schema":{"@context":"https:\/\/schema.org","@graph":[{"@type":"WebPage","@id":"https:\/\/www.brunobalducci.com\/chi-siamo\/","url":"https:\/\/www.brunobalducci.com\/chi-siamo\/","name":"About us - Bruno Balducci","isPartOf":{"@id":"https:\/\/www.brunobalducci.com\/#website"},"datePublished":"2025-04-30T13:03:53+00:00","dateModified":"2025-10-20T14:11:07+00:00","description":"BRUNO BALDUCCI srl, founded on April 15, 1944, designs, builds and installs suction, filtration, dust collection and environmental remediation systems.","breadcrumb":{"@id":"https:\/\/www.brunobalducci.com\/chi-siamo\/#breadcrumb"},"inLanguage":"en-US","potentialAction":[{"@type":"ReadAction","target":["https:\/\/www.brunobalducci.com\/chi-siamo\/"]}]},{"@type":"BreadcrumbList","@id":"https:\/\/www.brunobalducci.com\/chi-siamo\/#breadcrumb","itemListElement":[{"@type":"ListItem","position":1,"name":"Home","item":"https:\/\/www.brunobalducci.com\/"},{"@type":"ListItem","position":2,"name":"CHI SIAMO"}]},{"@type":"WebSite","@id":"https:\/\/www.brunobalducci.com\/#website","url":"https:\/\/www.brunobalducci.com\/","name":"Bruno Balducci","description":"","potentialAction":[{"@type":"SearchAction","target":{"@type":"EntryPoint","urlTemplate":"https:\/\/www.brunobalducci.com\/?s={search_term_string}"},"query-input":{"@type":"PropertyValueSpecification","valueRequired":true,"valueName":"search_term_string"}}],"inLanguage":"en-US"}]}},"_links":{"self":[{"href":"https:\/\/www.brunobalducci.com\/en\/wp-json\/wp\/v2\/pages\/17","targetHints":{"allow":["GET"]}}],"collection":[{"href":"https:\/\/www.brunobalducci.com\/en\/wp-json\/wp\/v2\/pages"}],"about":[{"href":"https:\/\/www.brunobalducci.com\/en\/wp-json\/wp\/v2\/types\/page"}],"author":[{"embeddable":true,"href":"https:\/\/www.brunobalducci.com\/en\/wp-json\/wp\/v2\/users\/1"}],"replies":[{"embeddable":true,"href":"https:\/\/www.brunobalducci.com\/en\/wp-json\/wp\/v2\/comments?post=17"}],"version-history":[{"count":17,"href":"https:\/\/www.brunobalducci.com\/en\/wp-json\/wp\/v2\/pages\/17\/revisions"}],"predecessor-version":[{"id":952,"href":"https:\/\/www.brunobalducci.com\/en\/wp-json\/wp\/v2\/pages\/17\/revisions\/952"}],"wp:attachment":[{"href":"https:\/\/www.brunobalducci.com\/en\/wp-json\/wp\/v2\/media?parent=17"}],"curies":[{"name":"wp","href":"https:\/\/api.w.org\/{rel}","templated":true}]}}