{"id":265,"date":"2025-05-06T08:57:46","date_gmt":"2025-05-06T08:57:46","guid":{"rendered":"https:\/\/blissful-carson.138-201-62-99.plesk.page\/?page_id=265"},"modified":"2025-10-17T08:20:36","modified_gmt":"2025-10-17T08:20:36","slug":"pf","status":"publish","type":"page","link":"https:\/\/www.brunobalducci.com\/en\/prodotti-e-tecnologie\/abbattimento-e-filtrazione\/filtri-a-cartucce\/pf\/","title":{"rendered":"PF"},"content":{"rendered":"<div>\n<p>Il filtro \u201cPF\u201d \u00e8 un depolveratore a <a href=\"https:\/\/www.brunobalducci.com\/en\/prodotti-e-tecnologie\/abbattimento-e-filtrazione\/filtri-a-cartucce\/\"><u>cartucce<\/u><\/a>  in poliestere (non a \u201cperdere\u201d) la cui efficienza raggiunge, normalmente, il 99,92% secondo i test B.I.A. (Berufgenossenschaftliches Institut f\u00fcr Arbeitssicherheit) ai quali periodicamente vengono sottoposte le cartucce.<\/p>\n<\/div>\n<h2>FUNZIONAMENTO<\/h2>\n<div>\n<p>Il filtro lavora \u201cin depressione\u201d, ci\u00f2 significa che l\u2019aria polverosa viene aspirata dal ventilatore centrifugo, posto a valle del sistema, il quale crea la necessaria depressione per vincere sia le perdite di carico del circuito, sia quelle provocate dalla resistenza dei filtri, una volta giunti a regime. Come \u00e8 noto ogni tipo di filtro necessita di qualche giorno per giungere a regime per dare la massima efficienza dopo che si \u00e8 formato, sul mezzo filtrante, un limitato accumulo di polvere (cake) che opera da prefiltro. Per questa ragione non \u00e8 opportuno procedere a rilevazioni strumentali della polverosit\u00e0 residua immediatamente dopo la messa in esercizio. L\u2019aria polverosa, aspirata dal ventilatore, entra nella camera di preseparazione e di decantazione di cui \u00e8 dotato ogni filtro PF ove avviene, per gravit\u00e0, un rallentamento della velocit\u00e0 di ingresso ed una prima separazione tra le particelle pi\u00f9 grossolane e quelle pi\u00f9 fini. La camera di preseparazione e decantazione, inoltre, ha anche la funzione di distribuire uniformemente la massa di aria polverosa e di pilotare la stessa nella parte inferiore del parco filtrante, per costringerla ad investire le cartucce dal basso, lambendole longitudinalmente ed evitando pericolose sollecitazioni meccaniche da impatto laterale.<\/p>\n<\/div>\n<hr>\n<h2>FILTRAZIONE<\/h2>\n<div>\n<p>Le cartucce sono, di norma, disposte verticalmente nella camera filtrante e vengono attraversate dall\u2019aria dall\u2019esterno verso l\u2019interno. L\u2019aria perde il suo contenuto di polveri che si depositano sulla superficie esterna delle cartucce filtranti. L\u2019aria, depolverata percorrendo ascensionalmente l\u2019interno della cartuccia medesima, giunge nella \u201ccamera pulita\u201d attraverso il foro entro il quale \u00e8 collocato l\u2019eiettore tipo venturi. Da qui l\u2019aria filtrata esce dal corpo del filtro, attraversa il ventilatore e viene espulsa, di norma, in atmosfera attraverso il camino. In alcuni casi \u00e8 possibile ricircolare l\u2019aria filtrata nell\u2019ambiente interno, con notevoli vantaggi economici grazie alla minore dispersione di calore.<\/p>\n<\/div>\n<hr>\n<h2>PULIZIA DELLE CARTUCCE<\/h2>\n<div>\n<p>Il sistema di pulizia \u00e8 quello classico \u201creverse jet\u201d in controcorrente per mezzo di getti di aria compressa soffiata all\u2019interno delle cartucce, fila dopo fila, in ciclo, secondo il programma impostato sul sequenziatore elettronico in dotazione. L\u2019aria compressa viene soffiata all\u2019interno dell\u2019eiettore venturi, di cui \u00e8 corredata ogni cartuccia. L\u2019onda di pressione provocata dal breve, ma intenso, getto di aria compressa deforma leggermente la forma a \u201cstella\u201d della cartuccia, sfruttandone l\u2019elasticit\u00e0. L\u2019onda d\u2019urto provoca il distacco della polvere depositatasi sul lato esterno della cartuccia. Poich\u00e9 la pulizia avviene durante il normale funzionamento del sistema di aspirazione, si verifica che parte della polvere staccatasi, grazie all\u2019effetto venturi, venga di nuovo richiamata, sulla cartuccia, dal ventilatore.<\/p>\n<p>E\u2019 necessario procedere alla \u201cpost pulizia\u201d consentendo al sistema \u201creverse jet\u201d di continuare a lavorare, per un breve periodo, anche dopo l\u2019arresto del ventilatore centrifugo. L\u2019assenza di aspirazione facilita la pulizia delle cartucce dalle quali la polvere si stacca pressoch\u00e9 totalmente per cadere in tramoggia.<\/p>\n<p>Il tempo necessario alla \u201cpost pulizia\u201d \u00e8 rapportato alla natura delle polveri, alla loro granulometria e concentrazione. Sofisticati sequenziatori elettronici presiedono alle operazioni di pulizia, durante e dopo il funzionamento dell\u2019impianto di aspirazione, controllando il valore di \u201c\u0394P\u201d, l\u2019intervento programmato del sistema di pulizia e di \u201cpost pulizia\u201d e il rilevatore di fughe di polvere; vengono infine segnalate anche eventuali fughe di polvere il cui valore di emissione supera il limite consentito.<\/p>\n<\/div>\n<hr>\n<h2>RACCOLTA POLVERI<\/h2>\n<div>Le polveri filtrate e separate dall\u2019aria vengono raccolte in appositi contenitori metallici o veicolate all\u2019esterno per mezzo di sistemi meccanici quali valvole rotative, coclee, ecc. I filtri PF vengono progettati in relazione alle specifiche esigenze del Cliente, nel rispetto del DPR 203\/88 per l\u2019ambiente e del D.Lgs. 81\/08 per il miglioramento della salute dei lavoratori sul luogo di lavoro.<\/div>\n<div>\n<h3>Scarica la scheda tecnica in PDF<\/h3>\n<p><a href=\"\/wp-content\/uploads\/2025\/10\/2025_ITA_PF.pdf\"><\/a><\/p>\n<\/div>\n<p><!--more--><br \/>\n<!-- {\"type\":\"layout\",\"children\":[{\"type\":\"section\",\"props\":{\"css\":\".el-section {\\n    position: relative;\\n    overflow: hidden;\\n}\\n\\n.el-section::before {\\n    content: '';\\n    position: absolute;\\n    top: 0;\\n    left: 0;\\n    width: 100%;\\n    height: 100%;\\n    background: inherit; \\\/* Mantiene l'immagine di sfondo *\\\/\\n    clip-path: polygon(0 100%, 100% calc(100% - 150px), 100% 100%, 0 100%); \\\/* Invertito *\\\/\\n    z-index: 1;\\n    pointer-events: none; \\\/* Evita interferenze con il contenuto *\\\/\\n}\\n\\n.el-section > .uk-container {\\n    position: relative;\\n    z-index: 2; \\\/* Porta il contenuto sopra l'effetto *\\\/\\n}\",\"height\":\"viewport\",\"height_offset_top\":true,\"image\":\"wp-content\\\/uploads\\\/2025\\\/05\\\/Filtro-a-cartucce-PF.jpg\",\"image_position\":\"center-center\",\"image_size\":\"cover\",\"style\":\"default\",\"title_breakpoint\":\"xl\",\"title_position\":\"top-left\",\"title_rotation\":\"left\",\"vertical_align\":\"middle\",\"width\":\"default\"},\"children\":[{\"type\":\"row\",\"props\":{\"layout\":\"1-2,1-2\"},\"children\":[{\"type\":\"column\",\"props\":{\"image_position\":\"center-center\",\"position_sticky_breakpoint\":\"m\",\"width_medium\":\"1-2\"}},{\"type\":\"column\",\"props\":{\"css\":\"\\\/* Posizionamento della card con taglio invertito *\\\/\\n.uk-card-primary {\\n    position: absolute; \\\/* Posizionamento assoluto per sovrapporla *\\\/\\n    bottom: 0; \\\/* Allinea al bordo inferiore *\\\/\\n    right: 0; \\\/* Allinea al bordo destro *\\\/\\n    z-index: 3; \\\/* Porta la card sopra il resto *\\\/\\n    max-width: 540px;\\n    margin: 0 20px 20px 0; \\\/* Aggiunge un po' di margine dal bordo *\\\/\\n    box-shadow: 0 4px 10px rgba(0, 0, 0, 0.2); \\\/* Opzionale: aggiunge un'ombra per evidenziare la card *\\\/\\n    clip-path: polygon(0 calc(100% - 50px), 100% 100%, 100% 0, 0 0); \\\/* Taglio invertito *\\\/\\n    overflow: hidden; \\\/* Nasconde il contenuto che esce dal taglio *\\\/\\n}\",\"image_position\":\"center-center\",\"position_sticky_breakpoint\":\"m\",\"style\":\"card-primary\",\"width_medium\":\"1-2\"},\"children\":[{\"type\":\"headline\",\"props\":{\"title_element\":\"h1\",\"title_style\":\"h5\"},\"source\":{\"query\":{\"name\":\"pages.singlePage\"},\"props\":{\"content\":{\"name\":\"title\",\"filters\":{\"before\":\"FILTRI A CARTUCCE: \"}}}}},{\"type\":\"text\",\"props\":{\"column_breakpoint\":\"m\",\"content\":\"\n\n<p>Il filtro \\u201cPF\\u201d \\u00e8 un depolveratore a <a href=\"https:\/\/www.brunobalducci.com\/en\/prodotti-e-tecnologie\/abbattimento-e-filtrazione\/filtri-a-cartucce\/\"><u>cartucce<\\\/u><\/a>  in poliestere (non a \\u201cperdere\\u201d) la cui efficienza raggiunge, normalmente, il 99,92% secondo i test B.I.A. (Berufgenossenschaftliches Institut f\\u00fcr Arbeitssicherheit) ai quali periodicamente vengono sottoposte le cartucce.<\\\/p>\",\"css\":\".el-element {\\n\\tmargin-bottom: 30px;\\n}\",\"margin\":\"default\"}}]}]}],\"name\":\"hero intro\"},{\"type\":\"section\",\"props\":{\"image_position\":\"center-center\",\"style\":\"default\",\"title_breakpoint\":\"xl\",\"title_position\":\"top-left\",\"title_rotation\":\"left\",\"vertical_align\":\"middle\",\"width\":\"default\"},\"children\":[{\"type\":\"row\",\"props\":{\"layout\":\"1-2,1-2\"},\"children\":[{\"type\":\"column\",\"props\":{\"image_position\":\"center-center\",\"position_sticky_breakpoint\":\"m\",\"width_medium\":\"1-2\"},\"children\":[{\"type\":\"headline\",\"props\":{\"content\":\"FUNZIONAMENTO\",\"title_color\":\"primary\",\"title_element\":\"h2\"}},{\"type\":\"text\",\"props\":{\"column_breakpoint\":\"m\",\"content\":\"\n\n<p>Il filtro lavora \\u201cin depressione\\u201d, ci\\u00f2 significa che l\\u2019aria polverosa viene aspirata dal ventilatore centrifugo, posto a valle del sistema, il quale crea la necessaria depressione per vincere sia le perdite di carico del circuito, sia quelle provocate dalla resistenza dei filtri, una volta giunti a regime. Come \\u00e8 noto ogni tipo di filtro necessita di qualche giorno per giungere a regime per dare la massima efficienza dopo che si \\u00e8 formato, sul mezzo filtrante, un limitato accumulo di polvere (cake) che opera da prefiltro. Per questa ragione non \\u00e8 opportuno procedere a rilevazioni strumentali della polverosit\\u00e0 residua immediatamente dopo la messa in esercizio. L\\u2019aria polverosa, aspirata dal ventilatore, entra nella camera di preseparazione e di decantazione di cui \\u00e8 dotato ogni filtro PF ove avviene, per gravit\\u00e0, un rallentamento della velocit\\u00e0 di ingresso ed una prima separazione tra le particelle pi\\u00f9 grossolane e quelle pi\\u00f9 fini. La camera di preseparazione e decantazione, inoltre, ha anche la funzione di distribuire uniformemente la massa di aria polverosa e di pilotare la stessa nella parte inferiore del parco filtrante, per costringerla ad investire le cartucce dal basso, lambendole longitudinalmente ed evitando pericolose sollecitazioni meccaniche da impatto laterale.<\\\/p>\",\"margin\":\"default\"}},{\"type\":\"divider\",\"props\":{\"divider_element\":\"hr\"}}]},{\"type\":\"column\",\"props\":{\"image_position\":\"center-center\",\"position_sticky_breakpoint\":\"m\",\"width_medium\":\"1-2\"},\"children\":[{\"type\":\"headline\",\"props\":{\"content\":\"FILTRAZIONE\",\"title_color\":\"primary\",\"title_element\":\"h2\"}},{\"type\":\"text\",\"props\":{\"column_breakpoint\":\"m\",\"content\":\"\n\n<p>Le cartucce sono, di norma, disposte verticalmente nella camera filtrante e vengono attraversate dall\\u2019aria dall\\u2019esterno verso l\\u2019interno. L\\u2019aria perde il suo contenuto di polveri che si depositano sulla superficie esterna delle cartucce filtranti. L\\u2019aria, depolverata percorrendo ascensionalmente l\\u2019interno della cartuccia medesima, giunge nella \\u201ccamera pulita\\u201d attraverso il foro entro il quale \\u00e8 collocato l\\u2019eiettore tipo venturi. Da qui l\\u2019aria filtrata esce dal corpo del filtro, attraversa il ventilatore e viene espulsa, di norma, in atmosfera attraverso il camino. In alcuni casi \\u00e8 possibile ricircolare l\\u2019aria filtrata nell\\u2019ambiente interno, con notevoli vantaggi economici grazie alla minore dispersione di calore.<\\\/p>\",\"margin\":\"default\"}},{\"type\":\"divider\",\"props\":{\"divider_element\":\"hr\",\"position\":\"absolute\",\"position_bottom\":\"0\"}}]}]},{\"type\":\"row\",\"props\":{\"layout\":\"1-2,1-2\"},\"children\":[{\"type\":\"column\",\"props\":{\"image_position\":\"center-center\",\"position_sticky_breakpoint\":\"m\",\"width_medium\":\"1-2\"},\"children\":[{\"type\":\"headline\",\"props\":{\"content\":\"PULIZIA DELLE CARTUCCE\",\"title_color\":\"primary\",\"title_element\":\"h2\"}},{\"type\":\"text\",\"props\":{\"column_breakpoint\":\"m\",\"content\":\"\n\n<p>Il sistema di pulizia \\u00e8 quello classico \\u201creverse jet\\u201d in controcorrente per mezzo di getti di aria compressa soffiata all\\u2019interno delle cartucce, fila dopo fila, in ciclo, secondo il programma impostato sul sequenziatore elettronico in dotazione. L\\u2019aria compressa viene soffiata all\\u2019interno dell\\u2019eiettore venturi, di cui \\u00e8 corredata ogni cartuccia. L\\u2019onda di pressione provocata dal breve, ma intenso, getto di aria compressa deforma leggermente la forma a \\u201cstella\\u201d della cartuccia, sfruttandone l\\u2019elasticit\\u00e0. L\\u2019onda d\\u2019urto provoca il distacco della polvere depositatasi sul lato esterno della cartuccia. Poich\\u00e9 la pulizia avviene durante il normale funzionamento del sistema di aspirazione, si verifica che parte della polvere staccatasi, grazie all\\u2019effetto venturi, venga di nuovo richiamata, sulla cartuccia, dal ventilatore.<\\\/p>\\n\n\n<p>E\\u2019 necessario procedere alla \\u201cpost pulizia\\u201d consentendo al sistema \\u201creverse jet\\u201d di continuare a lavorare, per un breve periodo, anche dopo l\\u2019arresto del ventilatore centrifugo. L\\u2019assenza di aspirazione facilita la pulizia delle cartucce dalle quali la polvere si stacca pressoch\\u00e9 totalmente per cadere in tramoggia.<\\\/p>\\n\n\n<p>Il tempo necessario alla \\u201cpost pulizia\\u201d \\u00e8 rapportato alla natura delle polveri, alla loro granulometria e concentrazione. Sofisticati sequenziatori elettronici presiedono alle operazioni di pulizia, durante e dopo il funzionamento dell\\u2019impianto di aspirazione, controllando il valore di \\u201c\\u0394P\\u201d, l\\u2019intervento programmato del sistema di pulizia e di \\u201cpost pulizia\\u201d e il rilevatore di fughe di polvere; vengono infine segnalate anche eventuali fughe di polvere il cui valore di emissione supera il limite consentito.<\\\/p>\",\"margin\":\"default\"}},{\"type\":\"divider\",\"props\":{\"divider_element\":\"hr\"}}]},{\"type\":\"column\",\"props\":{\"image_position\":\"center-center\",\"position_sticky_breakpoint\":\"m\",\"width_medium\":\"1-2\"},\"children\":[{\"type\":\"headline\",\"props\":{\"content\":\"RACCOLTA POLVERI\",\"title_color\":\"primary\",\"title_element\":\"h2\"}},{\"type\":\"text\",\"props\":{\"column_breakpoint\":\"m\",\"content\":\"Le polveri filtrate e separate dall\\u2019aria vengono raccolte in appositi contenitori metallici o veicolate all\\u2019esterno per mezzo di sistemi meccanici quali valvole rotative, coclee, ecc. I filtri PF vengono progettati in relazione alle specifiche esigenze del Cliente, nel rispetto del DPR 203\\\/88 per l\\u2019ambiente e del D.Lgs. 81\\\/08 per il miglioramento della salute dei lavoratori sul luogo di lavoro.\",\"margin\":\"default\"}},{\"type\":\"panel\",\"props\":{\"content_column_breakpoint\":\"m\",\"icon\":\"file-pdf\",\"icon_width\":80,\"image_align\":\"left\",\"image_grid_breakpoint\":\"m\",\"image_grid_width\":\"auto\",\"image_svg_color\":\"emphasis\",\"image_vertical_align\":true,\"link\":\"wp-content\\\/uploads\\\/2025\\\/10\\\/2025_ITA_PF.pdf\",\"link_style\":\"default\",\"link_text\":\"\",\"margin\":\"default\",\"meta_align\":\"below-title\",\"meta_element\":\"div\",\"meta_style\":\"text-meta\",\"panel_link\":true,\"panel_padding\":\"default\",\"panel_style\":\"card-primary\",\"position\":\"absolute\",\"position_bottom\":\"0\",\"title\":\"Scarica la scheda tecnica in PDF\",\"title_align\":\"top\",\"title_element\":\"h3\",\"title_grid_breakpoint\":\"m\",\"title_grid_width\":\"1-2\",\"title_hover_style\":\"reset\",\"title_link\":true}}]}]}]}],\"version\":\"4.5.19\"} --><\/p>\n","protected":false},"excerpt":{"rendered":"<p>Il filtro \u201cPF\u201d \u00e8 un depolveratore a cartucce in poliestere (non a \u201cperdere\u201d) la cui efficienza raggiunge, normalmente, il 99,92% secondo i test B.I.A. (Berufgenossenschaftliches Institut f\u00fcr Arbeitssicherheit) ai quali periodicamente vengono sottoposte le cartucce. FUNZIONAMENTO Il filtro lavora \u201cin depressione\u201d, ci\u00f2 significa che l\u2019aria polverosa viene aspirata dal ventilatore centrifugo, posto a valle del [&hellip;]<\/p>\n","protected":false},"author":1,"featured_media":0,"parent":263,"menu_order":0,"comment_status":"closed","ping_status":"closed","template":"","meta":{"footnotes":""},"class_list":["post-265","page","type-page","status-publish","hentry"],"yoast_head":"<!-- This site is optimized with the Yoast SEO plugin v27.4 - https:\/\/yoast.com\/product\/yoast-seo-wordpress\/ -->\n<title>Filtri a cartucce pf - Bruno Balducci<\/title>\n<meta name=\"description\" content=\"Il filtro \u201cPF\u201d \u00e8 un depolveratore a cartucce in poliestere (non a \u201cperdere\u201d) la cui efficienza raggiunge, normalmente, il 99,92% secondo i test B.I.A. (Berufgenossenschaftliches Institut f\u00fcr Arbeitssicherheit) ai quali periodicamente vengono sottoposte le cartucce.\" \/>\n<meta name=\"robots\" content=\"index, follow, max-snippet:-1, max-image-preview:large, max-video-preview:-1\" \/>\n<link rel=\"canonical\" href=\"https:\/\/www.brunobalducci.com\/en\/prodotti-e-tecnologie\/abbattimento-e-filtrazione\/filtri-a-cartucce\/pf\/\" \/>\n<meta property=\"og:locale\" content=\"en_US\" \/>\n<meta property=\"og:type\" content=\"article\" \/>\n<meta property=\"og:title\" content=\"Filtri a cartucce pf - Bruno Balducci\" \/>\n<meta property=\"og:description\" content=\"Il filtro \u201cPF\u201d \u00e8 un depolveratore a cartucce in poliestere (non a \u201cperdere\u201d) la cui efficienza raggiunge, normalmente, il 99,92% secondo i test B.I.A. (Berufgenossenschaftliches Institut f\u00fcr Arbeitssicherheit) ai quali periodicamente vengono sottoposte le cartucce.\" \/>\n<meta property=\"og:url\" content=\"https:\/\/www.brunobalducci.com\/en\/prodotti-e-tecnologie\/abbattimento-e-filtrazione\/filtri-a-cartucce\/pf\/\" \/>\n<meta property=\"og:site_name\" content=\"Bruno Balducci\" \/>\n<meta property=\"article:modified_time\" content=\"2025-10-17T08:20:36+00:00\" \/>\n<meta name=\"twitter:card\" content=\"summary_large_image\" \/>\n<meta name=\"twitter:label1\" content=\"Est. reading time\" \/>\n\t<meta name=\"twitter:data1\" content=\"4 minutes\" \/>\n<script type=\"application\/ld+json\" class=\"yoast-schema-graph\">{\"@context\":\"https:\\\/\\\/schema.org\",\"@graph\":[{\"@type\":\"WebPage\",\"@id\":\"https:\\\/\\\/www.brunobalducci.com\\\/prodotti-e-tecnologie\\\/abbattimento-e-filtrazione\\\/filtri-a-cartucce\\\/pf\\\/\",\"url\":\"https:\\\/\\\/www.brunobalducci.com\\\/prodotti-e-tecnologie\\\/abbattimento-e-filtrazione\\\/filtri-a-cartucce\\\/pf\\\/\",\"name\":\"Filtri a cartucce pf - Bruno Balducci\",\"isPartOf\":{\"@id\":\"https:\\\/\\\/www.brunobalducci.com\\\/#website\"},\"datePublished\":\"2025-05-06T08:57:46+00:00\",\"dateModified\":\"2025-10-17T08:20:36+00:00\",\"description\":\"Il filtro \u201cPF\u201d \u00e8 un depolveratore a cartucce in poliestere (non a \u201cperdere\u201d) la cui efficienza raggiunge, normalmente, il 99,92% secondo i test B.I.A. (Berufgenossenschaftliches Institut f\u00fcr Arbeitssicherheit) ai quali periodicamente vengono sottoposte le cartucce.\",\"breadcrumb\":{\"@id\":\"https:\\\/\\\/www.brunobalducci.com\\\/prodotti-e-tecnologie\\\/abbattimento-e-filtrazione\\\/filtri-a-cartucce\\\/pf\\\/#breadcrumb\"},\"inLanguage\":\"en-US\",\"potentialAction\":[{\"@type\":\"ReadAction\",\"target\":[\"https:\\\/\\\/www.brunobalducci.com\\\/prodotti-e-tecnologie\\\/abbattimento-e-filtrazione\\\/filtri-a-cartucce\\\/pf\\\/\"]}]},{\"@type\":\"BreadcrumbList\",\"@id\":\"https:\\\/\\\/www.brunobalducci.com\\\/prodotti-e-tecnologie\\\/abbattimento-e-filtrazione\\\/filtri-a-cartucce\\\/pf\\\/#breadcrumb\",\"itemListElement\":[{\"@type\":\"ListItem\",\"position\":1,\"name\":\"Home\",\"item\":\"https:\\\/\\\/www.brunobalducci.com\\\/\"},{\"@type\":\"ListItem\",\"position\":2,\"name\":\"PRODOTTI E TECNOLOGIE\",\"item\":\"https:\\\/\\\/www.brunobalducci.com\\\/prodotti-e-tecnologie\\\/\"},{\"@type\":\"ListItem\",\"position\":3,\"name\":\"ABBATTIMENTO E FILTRAZIONE\",\"item\":\"https:\\\/\\\/www.brunobalducci.com\\\/prodotti-e-tecnologie\\\/abbattimento-e-filtrazione\\\/\"},{\"@type\":\"ListItem\",\"position\":4,\"name\":\"FILTRI A CARTUCCE\",\"item\":\"https:\\\/\\\/www.brunobalducci.com\\\/prodotti-e-tecnologie\\\/abbattimento-e-filtrazione\\\/filtri-a-cartucce\\\/\"},{\"@type\":\"ListItem\",\"position\":5,\"name\":\"PF\"}]},{\"@type\":\"WebSite\",\"@id\":\"https:\\\/\\\/www.brunobalducci.com\\\/#website\",\"url\":\"https:\\\/\\\/www.brunobalducci.com\\\/\",\"name\":\"Bruno Balducci\",\"description\":\"\",\"potentialAction\":[{\"@type\":\"SearchAction\",\"target\":{\"@type\":\"EntryPoint\",\"urlTemplate\":\"https:\\\/\\\/www.brunobalducci.com\\\/?s={search_term_string}\"},\"query-input\":{\"@type\":\"PropertyValueSpecification\",\"valueRequired\":true,\"valueName\":\"search_term_string\"}}],\"inLanguage\":\"en-US\"}]}<\/script>\n<!-- \/ Yoast SEO plugin. -->","yoast_head_json":{"title":"PF cartridge filters - Bruno Balducci","description":"The \"PF\" filter is a polyester cartridge dust collector (non-disposable) whose efficiency normally reaches 99.92% according to B.I.A. (Berufgenossenschaftliches Institut f\u00fcr Arbeitssicherheit) tests to which the cartridges are periodically subjected.","robots":{"index":"index","follow":"follow","max-snippet":"max-snippet:-1","max-image-preview":"max-image-preview:large","max-video-preview":"max-video-preview:-1"},"canonical":"https:\/\/www.brunobalducci.com\/en\/prodotti-e-tecnologie\/abbattimento-e-filtrazione\/filtri-a-cartucce\/pf\/","og_locale":"en_US","og_type":"article","og_title":"Filtri a cartucce pf - Bruno Balducci","og_description":"Il filtro \u201cPF\u201d \u00e8 un depolveratore a cartucce in poliestere (non a \u201cperdere\u201d) la cui efficienza raggiunge, normalmente, il 99,92% secondo i test B.I.A. (Berufgenossenschaftliches Institut f\u00fcr Arbeitssicherheit) ai quali periodicamente vengono sottoposte le cartucce.","og_url":"https:\/\/www.brunobalducci.com\/en\/prodotti-e-tecnologie\/abbattimento-e-filtrazione\/filtri-a-cartucce\/pf\/","og_site_name":"Bruno Balducci","article_modified_time":"2025-10-17T08:20:36+00:00","twitter_card":"summary_large_image","twitter_misc":{"Est. reading time":"4 minutes"},"schema":{"@context":"https:\/\/schema.org","@graph":[{"@type":"WebPage","@id":"https:\/\/www.brunobalducci.com\/prodotti-e-tecnologie\/abbattimento-e-filtrazione\/filtri-a-cartucce\/pf\/","url":"https:\/\/www.brunobalducci.com\/prodotti-e-tecnologie\/abbattimento-e-filtrazione\/filtri-a-cartucce\/pf\/","name":"PF cartridge filters - Bruno Balducci","isPartOf":{"@id":"https:\/\/www.brunobalducci.com\/#website"},"datePublished":"2025-05-06T08:57:46+00:00","dateModified":"2025-10-17T08:20:36+00:00","description":"The \"PF\" filter is a polyester cartridge dust collector (non-disposable) whose efficiency normally reaches 99.92% according to B.I.A. (Berufgenossenschaftliches Institut f\u00fcr Arbeitssicherheit) tests to which the cartridges are periodically subjected.","breadcrumb":{"@id":"https:\/\/www.brunobalducci.com\/prodotti-e-tecnologie\/abbattimento-e-filtrazione\/filtri-a-cartucce\/pf\/#breadcrumb"},"inLanguage":"en-US","potentialAction":[{"@type":"ReadAction","target":["https:\/\/www.brunobalducci.com\/prodotti-e-tecnologie\/abbattimento-e-filtrazione\/filtri-a-cartucce\/pf\/"]}]},{"@type":"BreadcrumbList","@id":"https:\/\/www.brunobalducci.com\/prodotti-e-tecnologie\/abbattimento-e-filtrazione\/filtri-a-cartucce\/pf\/#breadcrumb","itemListElement":[{"@type":"ListItem","position":1,"name":"Home","item":"https:\/\/www.brunobalducci.com\/"},{"@type":"ListItem","position":2,"name":"PRODOTTI E TECNOLOGIE","item":"https:\/\/www.brunobalducci.com\/prodotti-e-tecnologie\/"},{"@type":"ListItem","position":3,"name":"ABBATTIMENTO E FILTRAZIONE","item":"https:\/\/www.brunobalducci.com\/prodotti-e-tecnologie\/abbattimento-e-filtrazione\/"},{"@type":"ListItem","position":4,"name":"FILTRI A CARTUCCE","item":"https:\/\/www.brunobalducci.com\/prodotti-e-tecnologie\/abbattimento-e-filtrazione\/filtri-a-cartucce\/"},{"@type":"ListItem","position":5,"name":"PF"}]},{"@type":"WebSite","@id":"https:\/\/www.brunobalducci.com\/#website","url":"https:\/\/www.brunobalducci.com\/","name":"Bruno Balducci","description":"","potentialAction":[{"@type":"SearchAction","target":{"@type":"EntryPoint","urlTemplate":"https:\/\/www.brunobalducci.com\/?s={search_term_string}"},"query-input":{"@type":"PropertyValueSpecification","valueRequired":true,"valueName":"search_term_string"}}],"inLanguage":"en-US"}]}},"_links":{"self":[{"href":"https:\/\/www.brunobalducci.com\/en\/wp-json\/wp\/v2\/pages\/265","targetHints":{"allow":["GET"]}}],"collection":[{"href":"https:\/\/www.brunobalducci.com\/en\/wp-json\/wp\/v2\/pages"}],"about":[{"href":"https:\/\/www.brunobalducci.com\/en\/wp-json\/wp\/v2\/types\/page"}],"author":[{"embeddable":true,"href":"https:\/\/www.brunobalducci.com\/en\/wp-json\/wp\/v2\/users\/1"}],"replies":[{"embeddable":true,"href":"https:\/\/www.brunobalducci.com\/en\/wp-json\/wp\/v2\/comments?post=265"}],"version-history":[{"count":10,"href":"https:\/\/www.brunobalducci.com\/en\/wp-json\/wp\/v2\/pages\/265\/revisions"}],"predecessor-version":[{"id":929,"href":"https:\/\/www.brunobalducci.com\/en\/wp-json\/wp\/v2\/pages\/265\/revisions\/929"}],"up":[{"embeddable":true,"href":"https:\/\/www.brunobalducci.com\/en\/wp-json\/wp\/v2\/pages\/263"}],"wp:attachment":[{"href":"https:\/\/www.brunobalducci.com\/en\/wp-json\/wp\/v2\/media?parent=265"}],"curies":[{"name":"wp","href":"https:\/\/api.w.org\/{rel}","templated":true}]}}