{"id":267,"date":"2025-05-06T08:57:59","date_gmt":"2025-05-06T08:57:59","guid":{"rendered":"https:\/\/blissful-carson.138-201-62-99.plesk.page\/?page_id=267"},"modified":"2025-10-17T08:21:59","modified_gmt":"2025-10-17T08:21:59","slug":"pfo","status":"publish","type":"page","link":"https:\/\/www.brunobalducci.com\/en\/prodotti-e-tecnologie\/abbattimento-e-filtrazione\/filtri-a-cartucce\/pfo\/","title":{"rendered":"PFO"},"content":{"rendered":"<h2>FUNZIONAMENTO<\/h2>\n<div>\n<p>Il filtro PFO \u00e8 caratterizzato dalla disposizione orizzontale delle <a href=\"https:\/\/www.brunobalducci.com\/en\/prodotti-e-tecnologie\/abbattimento-e-filtrazione\/filtri-a-cartucce\/\"><u>cartucce<\/u><\/a>  filtranti. La loro estrazione, per controlli, manutenzione e sostituzione, avviene lateralmente.<\/p>\n<p>Ogni elemento filtrante orizzontale \u00e8 costituito da una cartuccia \u00f8 325 x 1345 mm di lunghezza montata su armatura di sostegno e centraggio in filo di acciaio. Un modulo \u00e8 costituito da 4 cartucce \u00f8 325 x 1345 mm per una superficie filtrante complessiva di 88 m2. Ogni modulo pu\u00f2 trattare, in relazione alla natura ed alla concentrazione delle polveri, una quantit\u00e0 di aria variabile da 4.000 a 8.000 m3\/h.\u00a0<\/p>\n<p>Il sistema di pulizia &#8220;reverse pulse jet&#8221; ad aria compressa \u00e8 comandato e controllato da sequenziatore elettronico che oltre a presiedere all&#8217;apertura e chiusura di una elettrovalvola da 1&#8243; per ogni elemento filtrante, fornisce in continuo la lettura del valore di \u0394P. I filtri PFO vengono equipaggiati con cartucce in poliestere con efficienza 99,92%. Per polveri leggermente umide o leggermente grasse vengono impiegate cartucce con trattamento idro ed oleorepellente a base di Teflon\u00ae Resin; per polveri grasse o appiccicose vengono utilizzate cartucce trattate con prodotto a base siliconica PW. Per polveri di difficile trattamento vengono impiegate cartucce accoppiate a membrana permeabile di Teflon\u00ae. Il trattamento ME viene conferito alle cartucce, in fase di produzione, mediante pellicola permeabile di alluminio o di acciaio inox.<\/p>\n<\/div>\n<hr>\n<h2>CARATTERISTICHE<\/h2>\n<div>\n<p>Ogni filtro PFO \u00e8 corredato di una tramoggia standard con quattro gambe di sostegno e contenitore di raccolta polveri \u00f8 600 x 400 ad aggancio rapido. Altre soluzioni per lo scarico delle polveri filtrate (valvola rotativa, serranda a comando manuale o motorizzata, serranda a doppio clappet, coclea, ecc.), vengono fornite su richiesta.<\/p>\n<p>Teflon\u00ae \u00e8 un marchio registrato della Du Pont.<\/p>\n<\/div>\n<div>\n<h3>Scarica la scheda tecnica in PDF<\/h3>\n<p><a href=\"\/wp-content\/uploads\/2025\/10\/2025_ITA_PFO.pdf\"><\/a><\/p>\n<\/div>\n<p><!--more--><br \/>\n<!-- {\"type\":\"layout\",\"children\":[{\"type\":\"section\",\"props\":{\"css\":\".el-section {\\n    position: relative;\\n    overflow: hidden;\\n}\\n\\n.el-section::before {\\n    content: '';\\n    position: absolute;\\n    top: 0;\\n    left: 0;\\n    width: 100%;\\n    height: 100%;\\n    background: inherit; \\\/* Mantiene l'immagine di sfondo *\\\/\\n    clip-path: polygon(0 100%, 100% calc(100% - 150px), 100% 100%, 0 100%); \\\/* Invertito *\\\/\\n    z-index: 1;\\n    pointer-events: none; \\\/* Evita interferenze con il contenuto *\\\/\\n}\\n\\n.el-section > .uk-container {\\n    position: relative;\\n    z-index: 2; \\\/* Porta il contenuto sopra l'effetto *\\\/\\n}\",\"height\":\"viewport\",\"height_offset_top\":true,\"image\":\"wp-content\\\/uploads\\\/2025\\\/05\\\/Filtro-a-cartucce-PF.jpg\",\"image_position\":\"center-center\",\"image_size\":\"cover\",\"style\":\"default\",\"title_breakpoint\":\"xl\",\"title_position\":\"top-left\",\"title_rotation\":\"left\",\"vertical_align\":\"middle\",\"width\":\"default\"},\"children\":[{\"type\":\"row\",\"props\":{\"layout\":\"1-2,1-2\"},\"children\":[{\"type\":\"column\",\"props\":{\"image_position\":\"center-center\",\"position_sticky_breakpoint\":\"m\",\"width_medium\":\"1-2\"}},{\"type\":\"column\",\"props\":{\"css\":\"\\\/* Posizionamento della card con taglio invertito *\\\/\\n.uk-card-primary {\\n    position: absolute; \\\/* Posizionamento assoluto per sovrapporla *\\\/\\n    bottom: 0; \\\/* Allinea al bordo inferiore *\\\/\\n    right: 0; \\\/* Allinea al bordo destro *\\\/\\n    z-index: 3; \\\/* Porta la card sopra il resto *\\\/\\n    max-width: 540px;\\n    margin: 0 20px 20px 0; \\\/* Aggiunge un po' di margine dal bordo *\\\/\\n    box-shadow: 0 4px 10px rgba(0, 0, 0, 0.2); \\\/* Opzionale: aggiunge un'ombra per evidenziare la card *\\\/\\n    clip-path: polygon(0 calc(100% - 50px), 100% 100%, 100% 0, 0 0); \\\/* Taglio invertito *\\\/\\n    overflow: hidden; \\\/* Nasconde il contenuto che esce dal taglio *\\\/\\n}\",\"image_position\":\"center-center\",\"position_sticky_breakpoint\":\"m\",\"style\":\"card-primary\",\"width_medium\":\"1-2\"},\"children\":[{\"type\":\"headline\",\"props\":{\"class\":\"uk-margin-bottom\",\"title_element\":\"h1\",\"title_style\":\"h5\"},\"source\":{\"query\":{\"name\":\"pages.singlePage\"},\"props\":{\"content\":{\"name\":\"title\",\"filters\":{\"before\":\"FILTRI A CARTUCCE: \"}}}}}]}]}],\"name\":\"hero intro\"},{\"type\":\"section\",\"props\":{\"image_position\":\"center-center\",\"style\":\"default\",\"title_breakpoint\":\"xl\",\"title_position\":\"top-left\",\"title_rotation\":\"left\",\"vertical_align\":\"middle\",\"width\":\"default\"},\"children\":[{\"type\":\"row\",\"props\":{\"layout\":\"1-2,1-2\"},\"children\":[{\"type\":\"column\",\"props\":{\"image_position\":\"center-center\",\"position_sticky_breakpoint\":\"m\",\"width_medium\":\"1-2\"},\"children\":[{\"type\":\"headline\",\"props\":{\"content\":\"FUNZIONAMENTO\",\"title_color\":\"primary\",\"title_element\":\"h2\"}},{\"type\":\"text\",\"props\":{\"column_breakpoint\":\"m\",\"content\":\"\n\n<p>Il filtro PFO \\u00e8 caratterizzato dalla disposizione <a href=\"https:\/\/www.brunobalducci.com\/en\/prodotti-e-tecnologie\/abbattimento-e-filtrazione\/filtri-a-cartucce\/\">orizzontale delle <u>cartucce<\\\/u><\/a>  filtranti. La loro estrazione, per controlli, manutenzione e sostituzione, avviene lateralmente.<\\\/p>\\n\n\n<p>Ogni elemento filtrante orizzontale \\u00e8 costituito da una cartuccia \\u00f8 325 x 1345 mm di lunghezza montata su armatura di sostegno e centraggio in filo di acciaio. Un modulo \\u00e8 costituito da 4 cartucce \\u00f8 325 x 1345 mm per una superficie filtrante complessiva di 88 m2. Ogni modulo pu\\u00f2 trattare, in relazione alla natura ed alla concentrazione delle polveri, una quantit\\u00e0 di aria variabile da 4.000 a 8.000 m3\\\/h.\\u00a0<\\\/p>\\n\n\n<p>Il sistema di pulizia \\\"reverse pulse jet\\\" ad aria compressa \\u00e8 comandato e controllato da sequenziatore elettronico che oltre a presiedere all'apertura e chiusura di una elettrovalvola da 1\\\" per ogni elemento filtrante, fornisce in continuo la lettura del valore di \\u0394P. I filtri PFO vengono equipaggiati con cartucce in poliestere con efficienza 99,92%. Per polveri leggermente umide o leggermente grasse vengono impiegate cartucce con trattamento idro ed oleorepellente a base di Teflon\\u00ae Resin; per polveri grasse o appiccicose vengono utilizzate cartucce trattate con prodotto a base siliconica PW. Per polveri di difficile trattamento vengono impiegate cartucce accoppiate a membrana permeabile di Teflon\\u00ae. Il trattamento ME viene conferito alle cartucce, in fase di produzione, mediante pellicola permeabile di alluminio o di acciaio inox.<\\\/p>\",\"margin\":\"default\"}},{\"type\":\"divider\",\"props\":{\"divider_element\":\"hr\"}}]},{\"type\":\"column\",\"props\":{\"image_position\":\"center-center\",\"position_sticky_breakpoint\":\"m\",\"width_medium\":\"1-2\"},\"children\":[{\"type\":\"headline\",\"props\":{\"content\":\"CARATTERISTICHE\",\"title_color\":\"primary\",\"title_element\":\"h2\"}},{\"type\":\"text\",\"props\":{\"column_breakpoint\":\"m\",\"content\":\"\n\n<p>Ogni filtro PFO \\u00e8 corredato di una tramoggia standard con quattro gambe di sostegno e contenitore di raccolta polveri \\u00f8 600 x 400 ad aggancio rapido. Altre soluzioni per lo scarico delle polveri filtrate (valvola rotativa, serranda a comando manuale o motorizzata, serranda a doppio clappet, coclea, ecc.), vengono fornite su richiesta.<\\\/p>\\n\n\n<p>Teflon\\u00ae \\u00e8 un marchio registrato della Du Pont.<\\\/p>\",\"margin\":\"default\"}},{\"type\":\"panel\",\"props\":{\"content_column_breakpoint\":\"m\",\"icon\":\"file-pdf\",\"icon_width\":80,\"image_align\":\"left\",\"image_grid_breakpoint\":\"m\",\"image_grid_width\":\"auto\",\"image_svg_color\":\"emphasis\",\"image_vertical_align\":true,\"link\":\"wp-content\\\/uploads\\\/2025\\\/10\\\/2025_ITA_PFO.pdf\",\"link_style\":\"default\",\"link_text\":\"\",\"margin\":\"default\",\"meta_align\":\"below-title\",\"meta_element\":\"div\",\"meta_style\":\"text-meta\",\"panel_link\":true,\"panel_padding\":\"default\",\"panel_style\":\"card-primary\",\"position\":\"absolute\",\"position_bottom\":\"0\",\"title\":\"Scarica la scheda tecnica in PDF\",\"title_align\":\"top\",\"title_element\":\"h3\",\"title_grid_breakpoint\":\"m\",\"title_grid_width\":\"1-2\",\"title_hover_style\":\"reset\",\"title_link\":true}}]}]}]}],\"version\":\"4.5.19\"} --><\/p>\n","protected":false},"excerpt":{"rendered":"<p>FUNZIONAMENTO Il filtro PFO \u00e8 caratterizzato dalla disposizione orizzontale delle cartucce filtranti. La loro estrazione, per controlli, manutenzione e sostituzione, avviene lateralmente. Ogni elemento filtrante orizzontale \u00e8 costituito da una cartuccia \u00f8 325 x 1345 mm di lunghezza montata su armatura di sostegno e centraggio in filo di acciaio. Un modulo \u00e8 costituito da 4 [&hellip;]<\/p>\n","protected":false},"author":1,"featured_media":0,"parent":263,"menu_order":0,"comment_status":"closed","ping_status":"closed","template":"","meta":{"footnotes":""},"class_list":["post-267","page","type-page","status-publish","hentry"],"yoast_head":"<!-- This site is optimized with the Yoast SEO plugin v27.4 - https:\/\/yoast.com\/product\/yoast-seo-wordpress\/ -->\n<title>Filtri a cartucce pfo - Bruno Balducci<\/title>\n<meta name=\"description\" content=\"Il filtro PFO \u00e8 caratterizzato dalla disposizione orizzontale delle cartucce filtranti. La loro estrazione, per controlli, manutenzione e sostituzione, avviene lateralmente.\" \/>\n<meta name=\"robots\" content=\"index, follow, max-snippet:-1, max-image-preview:large, max-video-preview:-1\" \/>\n<link rel=\"canonical\" href=\"https:\/\/www.brunobalducci.com\/en\/prodotti-e-tecnologie\/abbattimento-e-filtrazione\/filtri-a-cartucce\/pfo\/\" \/>\n<meta property=\"og:locale\" content=\"en_US\" \/>\n<meta property=\"og:type\" content=\"article\" \/>\n<meta property=\"og:title\" content=\"Filtri a cartucce pfo - Bruno Balducci\" \/>\n<meta property=\"og:description\" content=\"Il filtro PFO \u00e8 caratterizzato dalla disposizione orizzontale delle cartucce filtranti. La loro estrazione, per controlli, manutenzione e sostituzione, avviene lateralmente.\" \/>\n<meta property=\"og:url\" content=\"https:\/\/www.brunobalducci.com\/en\/prodotti-e-tecnologie\/abbattimento-e-filtrazione\/filtri-a-cartucce\/pfo\/\" \/>\n<meta property=\"og:site_name\" content=\"Bruno Balducci\" \/>\n<meta property=\"article:modified_time\" content=\"2025-10-17T08:21:59+00:00\" \/>\n<meta name=\"twitter:card\" content=\"summary_large_image\" \/>\n<meta name=\"twitter:label1\" content=\"Est. reading time\" \/>\n\t<meta name=\"twitter:data1\" content=\"2 minutes\" \/>\n<script type=\"application\/ld+json\" class=\"yoast-schema-graph\">{\"@context\":\"https:\\\/\\\/schema.org\",\"@graph\":[{\"@type\":\"WebPage\",\"@id\":\"https:\\\/\\\/www.brunobalducci.com\\\/prodotti-e-tecnologie\\\/abbattimento-e-filtrazione\\\/filtri-a-cartucce\\\/pfo\\\/\",\"url\":\"https:\\\/\\\/www.brunobalducci.com\\\/prodotti-e-tecnologie\\\/abbattimento-e-filtrazione\\\/filtri-a-cartucce\\\/pfo\\\/\",\"name\":\"Filtri a cartucce pfo - Bruno Balducci\",\"isPartOf\":{\"@id\":\"https:\\\/\\\/www.brunobalducci.com\\\/#website\"},\"datePublished\":\"2025-05-06T08:57:59+00:00\",\"dateModified\":\"2025-10-17T08:21:59+00:00\",\"description\":\"Il filtro PFO \u00e8 caratterizzato dalla disposizione orizzontale delle cartucce filtranti. La loro estrazione, per controlli, manutenzione e sostituzione, avviene lateralmente.\",\"breadcrumb\":{\"@id\":\"https:\\\/\\\/www.brunobalducci.com\\\/prodotti-e-tecnologie\\\/abbattimento-e-filtrazione\\\/filtri-a-cartucce\\\/pfo\\\/#breadcrumb\"},\"inLanguage\":\"en-US\",\"potentialAction\":[{\"@type\":\"ReadAction\",\"target\":[\"https:\\\/\\\/www.brunobalducci.com\\\/prodotti-e-tecnologie\\\/abbattimento-e-filtrazione\\\/filtri-a-cartucce\\\/pfo\\\/\"]}]},{\"@type\":\"BreadcrumbList\",\"@id\":\"https:\\\/\\\/www.brunobalducci.com\\\/prodotti-e-tecnologie\\\/abbattimento-e-filtrazione\\\/filtri-a-cartucce\\\/pfo\\\/#breadcrumb\",\"itemListElement\":[{\"@type\":\"ListItem\",\"position\":1,\"name\":\"Home\",\"item\":\"https:\\\/\\\/www.brunobalducci.com\\\/\"},{\"@type\":\"ListItem\",\"position\":2,\"name\":\"PRODOTTI E TECNOLOGIE\",\"item\":\"https:\\\/\\\/www.brunobalducci.com\\\/prodotti-e-tecnologie\\\/\"},{\"@type\":\"ListItem\",\"position\":3,\"name\":\"ABBATTIMENTO E FILTRAZIONE\",\"item\":\"https:\\\/\\\/www.brunobalducci.com\\\/prodotti-e-tecnologie\\\/abbattimento-e-filtrazione\\\/\"},{\"@type\":\"ListItem\",\"position\":4,\"name\":\"FILTRI A CARTUCCE\",\"item\":\"https:\\\/\\\/www.brunobalducci.com\\\/prodotti-e-tecnologie\\\/abbattimento-e-filtrazione\\\/filtri-a-cartucce\\\/\"},{\"@type\":\"ListItem\",\"position\":5,\"name\":\"PFO\"}]},{\"@type\":\"WebSite\",\"@id\":\"https:\\\/\\\/www.brunobalducci.com\\\/#website\",\"url\":\"https:\\\/\\\/www.brunobalducci.com\\\/\",\"name\":\"Bruno Balducci\",\"description\":\"\",\"potentialAction\":[{\"@type\":\"SearchAction\",\"target\":{\"@type\":\"EntryPoint\",\"urlTemplate\":\"https:\\\/\\\/www.brunobalducci.com\\\/?s={search_term_string}\"},\"query-input\":{\"@type\":\"PropertyValueSpecification\",\"valueRequired\":true,\"valueName\":\"search_term_string\"}}],\"inLanguage\":\"en-US\"}]}<\/script>\n<!-- \/ Yoast SEO plugin. -->","yoast_head_json":{"title":"PFO cartridge filters - Bruno Balducci","description":"The PFO filter is characterized by the horizontal arrangement of the filter cartridges. Their extraction, for checks, maintenance, and replacement, is done from the side.","robots":{"index":"index","follow":"follow","max-snippet":"max-snippet:-1","max-image-preview":"max-image-preview:large","max-video-preview":"max-video-preview:-1"},"canonical":"https:\/\/www.brunobalducci.com\/en\/prodotti-e-tecnologie\/abbattimento-e-filtrazione\/filtri-a-cartucce\/pfo\/","og_locale":"en_US","og_type":"article","og_title":"Filtri a cartucce pfo - Bruno Balducci","og_description":"Il filtro PFO \u00e8 caratterizzato dalla disposizione orizzontale delle cartucce filtranti. La loro estrazione, per controlli, manutenzione e sostituzione, avviene lateralmente.","og_url":"https:\/\/www.brunobalducci.com\/en\/prodotti-e-tecnologie\/abbattimento-e-filtrazione\/filtri-a-cartucce\/pfo\/","og_site_name":"Bruno Balducci","article_modified_time":"2025-10-17T08:21:59+00:00","twitter_card":"summary_large_image","twitter_misc":{"Est. reading time":"2 minutes"},"schema":{"@context":"https:\/\/schema.org","@graph":[{"@type":"WebPage","@id":"https:\/\/www.brunobalducci.com\/prodotti-e-tecnologie\/abbattimento-e-filtrazione\/filtri-a-cartucce\/pfo\/","url":"https:\/\/www.brunobalducci.com\/prodotti-e-tecnologie\/abbattimento-e-filtrazione\/filtri-a-cartucce\/pfo\/","name":"PFO cartridge filters - Bruno Balducci","isPartOf":{"@id":"https:\/\/www.brunobalducci.com\/#website"},"datePublished":"2025-05-06T08:57:59+00:00","dateModified":"2025-10-17T08:21:59+00:00","description":"The PFO filter is characterized by the horizontal arrangement of the filter cartridges. Their extraction, for checks, maintenance, and replacement, is done from the side.","breadcrumb":{"@id":"https:\/\/www.brunobalducci.com\/prodotti-e-tecnologie\/abbattimento-e-filtrazione\/filtri-a-cartucce\/pfo\/#breadcrumb"},"inLanguage":"en-US","potentialAction":[{"@type":"ReadAction","target":["https:\/\/www.brunobalducci.com\/prodotti-e-tecnologie\/abbattimento-e-filtrazione\/filtri-a-cartucce\/pfo\/"]}]},{"@type":"BreadcrumbList","@id":"https:\/\/www.brunobalducci.com\/prodotti-e-tecnologie\/abbattimento-e-filtrazione\/filtri-a-cartucce\/pfo\/#breadcrumb","itemListElement":[{"@type":"ListItem","position":1,"name":"Home","item":"https:\/\/www.brunobalducci.com\/"},{"@type":"ListItem","position":2,"name":"PRODOTTI E TECNOLOGIE","item":"https:\/\/www.brunobalducci.com\/prodotti-e-tecnologie\/"},{"@type":"ListItem","position":3,"name":"ABBATTIMENTO E FILTRAZIONE","item":"https:\/\/www.brunobalducci.com\/prodotti-e-tecnologie\/abbattimento-e-filtrazione\/"},{"@type":"ListItem","position":4,"name":"FILTRI A CARTUCCE","item":"https:\/\/www.brunobalducci.com\/prodotti-e-tecnologie\/abbattimento-e-filtrazione\/filtri-a-cartucce\/"},{"@type":"ListItem","position":5,"name":"PFO"}]},{"@type":"WebSite","@id":"https:\/\/www.brunobalducci.com\/#website","url":"https:\/\/www.brunobalducci.com\/","name":"Bruno Balducci","description":"","potentialAction":[{"@type":"SearchAction","target":{"@type":"EntryPoint","urlTemplate":"https:\/\/www.brunobalducci.com\/?s={search_term_string}"},"query-input":{"@type":"PropertyValueSpecification","valueRequired":true,"valueName":"search_term_string"}}],"inLanguage":"en-US"}]}},"_links":{"self":[{"href":"https:\/\/www.brunobalducci.com\/en\/wp-json\/wp\/v2\/pages\/267","targetHints":{"allow":["GET"]}}],"collection":[{"href":"https:\/\/www.brunobalducci.com\/en\/wp-json\/wp\/v2\/pages"}],"about":[{"href":"https:\/\/www.brunobalducci.com\/en\/wp-json\/wp\/v2\/types\/page"}],"author":[{"embeddable":true,"href":"https:\/\/www.brunobalducci.com\/en\/wp-json\/wp\/v2\/users\/1"}],"replies":[{"embeddable":true,"href":"https:\/\/www.brunobalducci.com\/en\/wp-json\/wp\/v2\/comments?post=267"}],"version-history":[{"count":7,"href":"https:\/\/www.brunobalducci.com\/en\/wp-json\/wp\/v2\/pages\/267\/revisions"}],"predecessor-version":[{"id":930,"href":"https:\/\/www.brunobalducci.com\/en\/wp-json\/wp\/v2\/pages\/267\/revisions\/930"}],"up":[{"embeddable":true,"href":"https:\/\/www.brunobalducci.com\/en\/wp-json\/wp\/v2\/pages\/263"}],"wp:attachment":[{"href":"https:\/\/www.brunobalducci.com\/en\/wp-json\/wp\/v2\/media?parent=267"}],"curies":[{"name":"wp","href":"https:\/\/api.w.org\/{rel}","templated":true}]}}