{"id":283,"date":"2025-05-06T08:59:54","date_gmt":"2025-05-06T08:59:54","guid":{"rendered":"https:\/\/blissful-carson.138-201-62-99.plesk.page\/?page_id=283"},"modified":"2025-10-17T08:29:54","modified_gmt":"2025-10-17T08:29:54","slug":"saldepur","status":"publish","type":"page","link":"https:\/\/www.brunobalducci.com\/en\/prodotti-e-tecnologie\/abbattimento-e-filtrazione\/filtri-carrellati-per-fumi-ed-odori\/saldepur\/","title":{"rendered":"Saldepur"},"content":{"rendered":"<div>\n<p>FILTRI SALDEPUR IN PRONTA CONSEGNA E DISPONIBILI ANCHE PER IL NOLEGGIO<\/p>\n<\/div>\n<h2>FUNZIONAMENTO<\/h2>\n<div>\n<p style=\"margin-bottom: 0cm;\">Il gruppo filtroaspirante SALDEPUR \u00e8 completo di prefiltro, filtro ad alta efficienza e carbone attivato per fumi di saldatura.<\/p>\n<p style=\"margin-bottom: 0cm;\">Ventilatore con motore da KW 0,37 a 2 poli. Il gruppo \u00e8 corredato di quattro ruote. Il coperchio su cui \u00e8 fissato il ventilatore \u00e8 incernierato per una facile ispezione ed una comoda manutenzione del filtro.<\/p>\n<\/div>\n<hr>\n<h2>CARATTERISTICHE<\/h2>\n<div>SALDEPUR AP: gruppo per aspirazione, filtrazione differenziata ed adsorbimento fumi, con una portata di 500 m3\/h e motore da kW 0,37 con 13 Kg di carbone attivato speciale tipo C3. La foto illustra due gruppi: uno corredato di tubo flessibile antistatico nero \u00f8 80 mm; l&#8217;altro con tubo flessibile PVC verde \u00f8 80 mm e una cappa tipo CCM in lamiera zincata con magnete di fissaggio su superfici metalliche.<\/div>\n<hr>\n<p><p>\n        <a href=\"\/wp-content\/uploads\/2025\/10\/SALDEPUR.pdf\">Scarica Scheda Tecnica PDF<\/a>\n    <\/p>\n<\/p>\n<p><!--more--><br \/>\n<!-- {\"type\":\"layout\",\"children\":[{\"type\":\"section\",\"props\":{\"css\":\".el-section {\\n    position: relative;\\n    overflow: hidden;\\n}\\n\\n.el-section::before {\\n    content: '';\\n    position: absolute;\\n    top: 0;\\n    left: 0;\\n    width: 100%;\\n    height: 100%;\\n    background: inherit; \\\/* Mantiene l'immagine di sfondo *\\\/\\n    clip-path: polygon(0 100%, 100% calc(100% - 150px), 100% 100%, 0 100%); \\\/* Invertito *\\\/\\n    z-index: 1;\\n    pointer-events: none; \\\/* Evita interferenze con il contenuto *\\\/\\n}\\n\\n.el-section > .uk-container {\\n    position: relative;\\n    z-index: 2; \\\/* Porta il contenuto sopra l'effetto *\\\/\\n}\",\"height\":\"viewport\",\"height_offset_top\":true,\"image\":\"wp-content\\\/uploads\\\/2025\\\/05\\\/Filtro-a-cartucce-PF.jpg\",\"image_position\":\"center-center\",\"image_size\":\"cover\",\"style\":\"default\",\"title_breakpoint\":\"xl\",\"title_position\":\"top-left\",\"title_rotation\":\"left\",\"vertical_align\":\"middle\",\"width\":\"default\"},\"children\":[{\"type\":\"row\",\"props\":{\"layout\":\"1-2,1-2\"},\"children\":[{\"type\":\"column\",\"props\":{\"image_position\":\"center-center\",\"position_sticky_breakpoint\":\"m\",\"width_medium\":\"1-2\"}},{\"type\":\"column\",\"props\":{\"css\":\"\\\/* Posizionamento della card con taglio invertito *\\\/\\n.uk-card-primary {\\n    position: absolute; \\\/* Posizionamento assoluto per sovrapporla *\\\/\\n    bottom: 0; \\\/* Allinea al bordo inferiore *\\\/\\n    right: 0; \\\/* Allinea al bordo destro *\\\/\\n    z-index: 3; \\\/* Porta la card sopra il resto *\\\/\\n    max-width: 540px;\\n    margin: 0 20px 20px 0; \\\/* Aggiunge un po' di margine dal bordo *\\\/\\n    box-shadow: 0 4px 10px rgba(0, 0, 0, 0.2); \\\/* Opzionale: aggiunge un'ombra per evidenziare la card *\\\/\\n    clip-path: polygon(0 calc(100% - 50px), 100% 100%, 100% 0, 0 0); \\\/* Taglio invertito *\\\/\\n    overflow: hidden; \\\/* Nasconde il contenuto che esce dal taglio *\\\/\\n}\",\"image_position\":\"center-center\",\"position_sticky_breakpoint\":\"m\",\"style\":\"card-primary\",\"width_medium\":\"1-2\"},\"children\":[{\"type\":\"headline\",\"props\":{\"title_element\":\"h1\",\"title_style\":\"h5\"},\"source\":{\"query\":{\"name\":\"pages.singlePage\"},\"props\":{\"content\":{\"name\":\"title\",\"filters\":{\"before\":\"FILTRI CARRELLATI PER FUMI ED ODORI: \"}}}}},{\"type\":\"text\",\"props\":{\"column_breakpoint\":\"m\",\"content\":\"\n\n<p>FILTRI SALDEPUR IN PRONTA CONSEGNA E DISPONIBILI ANCHE PER IL NOLEGGIO<\\\/p>\",\"css\":\".el-element {\\n\\tmargin-bottom: 30px;\\n}\",\"margin\":\"default\"}}]}]}],\"name\":\"hero intro\"},{\"type\":\"section\",\"props\":{\"image_position\":\"center-center\",\"style\":\"default\",\"title_breakpoint\":\"xl\",\"title_position\":\"top-left\",\"title_rotation\":\"left\",\"vertical_align\":\"middle\",\"width\":\"default\"},\"children\":[{\"type\":\"row\",\"props\":{\"layout\":\"1-2,1-2\"},\"children\":[{\"type\":\"column\",\"props\":{\"image_position\":\"center-center\",\"position_sticky_breakpoint\":\"m\",\"width_medium\":\"1-2\"},\"children\":[{\"type\":\"headline\",\"props\":{\"content\":\"FUNZIONAMENTO\",\"title_color\":\"primary\",\"title_element\":\"h2\"}},{\"type\":\"text\",\"props\":{\"column_breakpoint\":\"m\",\"content\":\"\n\n<p style=\\\"margin-bottom: 0cm;\\\">Il gruppo filtroaspirante SALDEPUR \\u00e8 completo di prefiltro, filtro ad alta efficienza e carbone attivato per fumi di saldatura.<\\\/p>\\n\n\n<p style=\\\"margin-bottom: 0cm;\\\">Ventilatore con motore da KW 0,37 a 2 poli. Il gruppo \\u00e8 corredato di quattro ruote. Il coperchio su cui \\u00e8 fissato il ventilatore \\u00e8 incernierato per una facile ispezione ed una comoda manutenzione del filtro.<\\\/p>\",\"margin\":\"default\"}},{\"type\":\"divider\",\"props\":{\"divider_element\":\"hr\"}}]},{\"type\":\"column\",\"props\":{\"image_position\":\"center-center\",\"position_sticky_breakpoint\":\"m\",\"width_medium\":\"1-2\"},\"children\":[{\"type\":\"headline\",\"props\":{\"content\":\"CARATTERISTICHE\",\"title_color\":\"primary\",\"title_element\":\"h2\"}},{\"type\":\"text\",\"props\":{\"column_breakpoint\":\"m\",\"content\":\"SALDEPUR AP: gruppo per aspirazione, filtrazione differenziata ed adsorbimento fumi, con una portata di 500 m3\\\/h e motore da kW 0,37 con 13 Kg di carbone attivato speciale tipo C3. La foto illustra due gruppi: uno corredato di tubo flessibile antistatico nero \\u00f8 80 mm; l'altro con tubo flessibile PVC verde \\u00f8 80 mm e una cappa tipo CCM in lamiera zincata con magnete di fissaggio su superfici metalliche.\",\"margin\":\"default\"}},{\"type\":\"divider\",\"props\":{\"divider_element\":\"hr\",\"position\":\"absolute\",\"position_bottom\":\"0\"}}]}]},{\"type\":\"row\",\"children\":[{\"type\":\"column\",\"props\":{\"image_position\":\"center-center\",\"position_sticky_breakpoint\":\"m\"},\"children\":[{\"type\":\"button\",\"props\":{\"grid_column_gap\":\"small\",\"grid_row_gap\":\"small\",\"margin\":\"default\"},\"children\":[{\"type\":\"button_item\",\"props\":{\"button_style\":\"primary\",\"content\":\"Scarica Scheda Tecnica PDF\",\"dialog_layout\":\"modal\",\"dialog_offcanvas_flip\":true,\"icon\":\"file-pdf\",\"icon_align\":\"left\",\"link\":\"wp-content\\\/uploads\\\/2025\\\/10\\\/SALDEPUR.pdf\"}}],\"name\":\"Scarica Scheda Tecnica PDF\"}]}]}]}],\"version\":\"4.5.19\"} --><\/p>\n","protected":false},"excerpt":{"rendered":"<p>FILTRI SALDEPUR IN PRONTA CONSEGNA E DISPONIBILI ANCHE PER IL NOLEGGIO FUNZIONAMENTO Il gruppo filtroaspirante SALDEPUR \u00e8 completo di prefiltro, filtro ad alta efficienza e carbone attivato per fumi di saldatura. Ventilatore con motore da KW 0,37 a 2 poli. Il gruppo \u00e8 corredato di quattro ruote. Il coperchio su cui \u00e8 fissato il ventilatore [&hellip;]<\/p>\n","protected":false},"author":1,"featured_media":0,"parent":281,"menu_order":0,"comment_status":"closed","ping_status":"closed","template":"","meta":{"footnotes":""},"class_list":["post-283","page","type-page","status-publish","hentry"],"yoast_head":"<!-- This site is optimized with the Yoast SEO plugin v27.4 - https:\/\/yoast.com\/product\/yoast-seo-wordpress\/ -->\n<title>Filtri carrellati per fumi e odori Saldepur - Bruno Balducci<\/title>\n<meta name=\"description\" content=\"Il gruppo filtroaspirante SALDEPUR \u00e8 completo di prefiltro, filtro ad alta efficienza e carbone attivato per fumi di saldatura.\" \/>\n<meta name=\"robots\" content=\"index, follow, max-snippet:-1, max-image-preview:large, max-video-preview:-1\" \/>\n<link rel=\"canonical\" href=\"https:\/\/www.brunobalducci.com\/en\/prodotti-e-tecnologie\/abbattimento-e-filtrazione\/filtri-carrellati-per-fumi-ed-odori\/saldepur\/\" \/>\n<meta property=\"og:locale\" content=\"en_US\" \/>\n<meta property=\"og:type\" content=\"article\" \/>\n<meta property=\"og:title\" content=\"Filtri carrellati per fumi e odori Saldepur - Bruno Balducci\" \/>\n<meta property=\"og:description\" content=\"Il gruppo filtroaspirante SALDEPUR \u00e8 completo di prefiltro, filtro ad alta efficienza e carbone attivato per fumi di saldatura.\" \/>\n<meta property=\"og:url\" content=\"https:\/\/www.brunobalducci.com\/en\/prodotti-e-tecnologie\/abbattimento-e-filtrazione\/filtri-carrellati-per-fumi-ed-odori\/saldepur\/\" \/>\n<meta property=\"og:site_name\" content=\"Bruno Balducci\" \/>\n<meta property=\"article:modified_time\" content=\"2025-10-17T08:29:54+00:00\" \/>\n<meta name=\"twitter:card\" content=\"summary_large_image\" \/>\n<meta name=\"twitter:label1\" content=\"Est. reading time\" \/>\n\t<meta name=\"twitter:data1\" content=\"1 minute\" \/>\n<script type=\"application\/ld+json\" class=\"yoast-schema-graph\">{\"@context\":\"https:\\\/\\\/schema.org\",\"@graph\":[{\"@type\":\"WebPage\",\"@id\":\"https:\\\/\\\/www.brunobalducci.com\\\/prodotti-e-tecnologie\\\/abbattimento-e-filtrazione\\\/filtri-carrellati-per-fumi-ed-odori\\\/saldepur\\\/\",\"url\":\"https:\\\/\\\/www.brunobalducci.com\\\/prodotti-e-tecnologie\\\/abbattimento-e-filtrazione\\\/filtri-carrellati-per-fumi-ed-odori\\\/saldepur\\\/\",\"name\":\"Filtri carrellati per fumi e odori Saldepur - Bruno Balducci\",\"isPartOf\":{\"@id\":\"https:\\\/\\\/www.brunobalducci.com\\\/#website\"},\"datePublished\":\"2025-05-06T08:59:54+00:00\",\"dateModified\":\"2025-10-17T08:29:54+00:00\",\"description\":\"Il gruppo filtroaspirante SALDEPUR \u00e8 completo di prefiltro, filtro ad alta efficienza e carbone attivato per fumi di saldatura.\",\"breadcrumb\":{\"@id\":\"https:\\\/\\\/www.brunobalducci.com\\\/prodotti-e-tecnologie\\\/abbattimento-e-filtrazione\\\/filtri-carrellati-per-fumi-ed-odori\\\/saldepur\\\/#breadcrumb\"},\"inLanguage\":\"en-US\",\"potentialAction\":[{\"@type\":\"ReadAction\",\"target\":[\"https:\\\/\\\/www.brunobalducci.com\\\/prodotti-e-tecnologie\\\/abbattimento-e-filtrazione\\\/filtri-carrellati-per-fumi-ed-odori\\\/saldepur\\\/\"]}]},{\"@type\":\"BreadcrumbList\",\"@id\":\"https:\\\/\\\/www.brunobalducci.com\\\/prodotti-e-tecnologie\\\/abbattimento-e-filtrazione\\\/filtri-carrellati-per-fumi-ed-odori\\\/saldepur\\\/#breadcrumb\",\"itemListElement\":[{\"@type\":\"ListItem\",\"position\":1,\"name\":\"Home\",\"item\":\"https:\\\/\\\/www.brunobalducci.com\\\/\"},{\"@type\":\"ListItem\",\"position\":2,\"name\":\"PRODOTTI E TECNOLOGIE\",\"item\":\"https:\\\/\\\/www.brunobalducci.com\\\/prodotti-e-tecnologie\\\/\"},{\"@type\":\"ListItem\",\"position\":3,\"name\":\"ABBATTIMENTO E FILTRAZIONE\",\"item\":\"https:\\\/\\\/www.brunobalducci.com\\\/prodotti-e-tecnologie\\\/abbattimento-e-filtrazione\\\/\"},{\"@type\":\"ListItem\",\"position\":4,\"name\":\"FILTRI CARRELLATI PER FUMI ED ODORI\",\"item\":\"https:\\\/\\\/www.brunobalducci.com\\\/prodotti-e-tecnologie\\\/abbattimento-e-filtrazione\\\/filtri-carrellati-per-fumi-ed-odori\\\/\"},{\"@type\":\"ListItem\",\"position\":5,\"name\":\"SALDEPUR\"}]},{\"@type\":\"WebSite\",\"@id\":\"https:\\\/\\\/www.brunobalducci.com\\\/#website\",\"url\":\"https:\\\/\\\/www.brunobalducci.com\\\/\",\"name\":\"Bruno Balducci\",\"description\":\"\",\"potentialAction\":[{\"@type\":\"SearchAction\",\"target\":{\"@type\":\"EntryPoint\",\"urlTemplate\":\"https:\\\/\\\/www.brunobalducci.com\\\/?s={search_term_string}\"},\"query-input\":{\"@type\":\"PropertyValueSpecification\",\"valueRequired\":true,\"valueName\":\"search_term_string\"}}],\"inLanguage\":\"en-US\"}]}<\/script>\n<!-- \/ Yoast SEO plugin. -->","yoast_head_json":{"title":"Saldepur mobile filters for fumes and odors - Bruno Balducci","description":"The SALDEPUR filter-aspirating unit is complete with prefilter, high-efficiency filter and activated carbon for welding fumes.","robots":{"index":"index","follow":"follow","max-snippet":"max-snippet:-1","max-image-preview":"max-image-preview:large","max-video-preview":"max-video-preview:-1"},"canonical":"https:\/\/www.brunobalducci.com\/en\/prodotti-e-tecnologie\/abbattimento-e-filtrazione\/filtri-carrellati-per-fumi-ed-odori\/saldepur\/","og_locale":"en_US","og_type":"article","og_title":"Filtri carrellati per fumi e odori Saldepur - Bruno Balducci","og_description":"Il gruppo filtroaspirante SALDEPUR \u00e8 completo di prefiltro, filtro ad alta efficienza e carbone attivato per fumi di saldatura.","og_url":"https:\/\/www.brunobalducci.com\/en\/prodotti-e-tecnologie\/abbattimento-e-filtrazione\/filtri-carrellati-per-fumi-ed-odori\/saldepur\/","og_site_name":"Bruno Balducci","article_modified_time":"2025-10-17T08:29:54+00:00","twitter_card":"summary_large_image","twitter_misc":{"Est. reading time":"1 minute"},"schema":{"@context":"https:\/\/schema.org","@graph":[{"@type":"WebPage","@id":"https:\/\/www.brunobalducci.com\/prodotti-e-tecnologie\/abbattimento-e-filtrazione\/filtri-carrellati-per-fumi-ed-odori\/saldepur\/","url":"https:\/\/www.brunobalducci.com\/prodotti-e-tecnologie\/abbattimento-e-filtrazione\/filtri-carrellati-per-fumi-ed-odori\/saldepur\/","name":"Saldepur mobile filters for fumes and odors - Bruno Balducci","isPartOf":{"@id":"https:\/\/www.brunobalducci.com\/#website"},"datePublished":"2025-05-06T08:59:54+00:00","dateModified":"2025-10-17T08:29:54+00:00","description":"The SALDEPUR filter-aspirating unit is complete with prefilter, high-efficiency filter and activated carbon for welding fumes.","breadcrumb":{"@id":"https:\/\/www.brunobalducci.com\/prodotti-e-tecnologie\/abbattimento-e-filtrazione\/filtri-carrellati-per-fumi-ed-odori\/saldepur\/#breadcrumb"},"inLanguage":"en-US","potentialAction":[{"@type":"ReadAction","target":["https:\/\/www.brunobalducci.com\/prodotti-e-tecnologie\/abbattimento-e-filtrazione\/filtri-carrellati-per-fumi-ed-odori\/saldepur\/"]}]},{"@type":"BreadcrumbList","@id":"https:\/\/www.brunobalducci.com\/prodotti-e-tecnologie\/abbattimento-e-filtrazione\/filtri-carrellati-per-fumi-ed-odori\/saldepur\/#breadcrumb","itemListElement":[{"@type":"ListItem","position":1,"name":"Home","item":"https:\/\/www.brunobalducci.com\/"},{"@type":"ListItem","position":2,"name":"PRODOTTI E TECNOLOGIE","item":"https:\/\/www.brunobalducci.com\/prodotti-e-tecnologie\/"},{"@type":"ListItem","position":3,"name":"ABBATTIMENTO E FILTRAZIONE","item":"https:\/\/www.brunobalducci.com\/prodotti-e-tecnologie\/abbattimento-e-filtrazione\/"},{"@type":"ListItem","position":4,"name":"FILTRI CARRELLATI PER FUMI ED ODORI","item":"https:\/\/www.brunobalducci.com\/prodotti-e-tecnologie\/abbattimento-e-filtrazione\/filtri-carrellati-per-fumi-ed-odori\/"},{"@type":"ListItem","position":5,"name":"SALDEPUR"}]},{"@type":"WebSite","@id":"https:\/\/www.brunobalducci.com\/#website","url":"https:\/\/www.brunobalducci.com\/","name":"Bruno Balducci","description":"","potentialAction":[{"@type":"SearchAction","target":{"@type":"EntryPoint","urlTemplate":"https:\/\/www.brunobalducci.com\/?s={search_term_string}"},"query-input":{"@type":"PropertyValueSpecification","valueRequired":true,"valueName":"search_term_string"}}],"inLanguage":"en-US"}]}},"_links":{"self":[{"href":"https:\/\/www.brunobalducci.com\/en\/wp-json\/wp\/v2\/pages\/283","targetHints":{"allow":["GET"]}}],"collection":[{"href":"https:\/\/www.brunobalducci.com\/en\/wp-json\/wp\/v2\/pages"}],"about":[{"href":"https:\/\/www.brunobalducci.com\/en\/wp-json\/wp\/v2\/types\/page"}],"author":[{"embeddable":true,"href":"https:\/\/www.brunobalducci.com\/en\/wp-json\/wp\/v2\/users\/1"}],"replies":[{"embeddable":true,"href":"https:\/\/www.brunobalducci.com\/en\/wp-json\/wp\/v2\/comments?post=283"}],"version-history":[{"count":4,"href":"https:\/\/www.brunobalducci.com\/en\/wp-json\/wp\/v2\/pages\/283\/revisions"}],"predecessor-version":[{"id":936,"href":"https:\/\/www.brunobalducci.com\/en\/wp-json\/wp\/v2\/pages\/283\/revisions\/936"}],"up":[{"embeddable":true,"href":"https:\/\/www.brunobalducci.com\/en\/wp-json\/wp\/v2\/pages\/281"}],"wp:attachment":[{"href":"https:\/\/www.brunobalducci.com\/en\/wp-json\/wp\/v2\/media?parent=283"}],"curies":[{"name":"wp","href":"https:\/\/api.w.org\/{rel}","templated":true}]}}