{"id":316,"date":"2025-05-06T09:03:58","date_gmt":"2025-05-06T09:03:58","guid":{"rendered":"https:\/\/blissful-carson.138-201-62-99.plesk.page\/?page_id=316"},"modified":"2025-10-17T13:03:43","modified_gmt":"2025-10-17T13:03:43","slug":"pareti-afone","status":"publish","type":"page","link":"https:\/\/www.brunobalducci.com\/en\/prodotti-e-tecnologie\/abbattimento-rumori\/pareti-afone\/","title":{"rendered":"SOUNDPROOF WALLS"},"content":{"rendered":"<h1>PARETI AFONE<\/h1>\n<div>Progettazione, realizzazione, installazione e manutenzione di pareti afone per l\u2019industria in tutte le dimensioni.<\/div>\n<h2>Cosa sono le pareti afone<\/h2>\n<div>\n<p>Una parete afona \u00e8 una barriera che viene progettata e installata negli stabilimenti industriali allo scopo di generare una zona d\u2019ombra acustica fra la fonte di un forte rumore e gli operatori.<\/p>\n<p>Questo permette di isolare le postazioni di lavoro dalle zone a massima rumorosit\u00e0; le pareti afone sono un elemento essenziale nell\u2019ambito <a href=\"https:\/\/www.brunobalducci.com\/en\/prodotti-e-tecnologie\/abbattimento-rumori\/\"><u>dell\u2019abbattimento dei rumori in ambito industriale<\/u><\/a> <\/p>\n<\/div>\n<h2>Perch\u00e8 si usano le pareti afone<\/h2>\n<div>Il motivo per cui si installano delle pareti afone in uno stabilimento industriale \u00e8 legato alle difficolt\u00e0 dell\u2019isolamento acustico delle strutture, sia in interni che in esterni. Le pareti afone sono infatti progettate per avere la massima efficienza nell\u2019abbattimento dell\u2019inquinamento acustico degli elementi costitutivi e delle discontinuit\u00e0 pre-esistenti, e si rendono pressoch\u00e9 irrinunciabili per evitare il problema dei riverberi dei soffitti e delle pareti<\/div>\n<div>Questo fa s\u00ec che l\u2019abbinamento delle pareti afone con le apparecchiature per la filtrazione dell\u2019aria sia pressoch\u00e9 costante; in molte circostanze \u2013 come nei filtri autopulenti, che vengono periodicamente sottoposti a forti e rumorosi getti d\u2019aria compressa \u2013 questo tipo di schermatura acustica \u00e8 l\u2019unico in grado di risolvere il problema in modo efficiente.<\/div>\n<hr>\n<h2>Gli ambiti di applicazione delle pareti afone<\/h2>\n<div>Essendo abbinate ai sistemi di aspirazione [link] e filtrazione [link] dell\u2019aria, che vengono impiegati in tutti i settori industriali, anche le pareti afone hanno una vastissima gamma di ambiti applicativi. <\/div>\n<div>Ecco i principali:<\/div>\n<div>\n<\/div>\n<h2>Le pareti afone di Bruno Balducci srl<\/h2>\n<div>\n<p><strong>IIn Bruno Balducci srl le pareti afone per abbattimento rumori vengono realizzate interamente da noi, a partire dalla progettazione per arrivare a produzione e installazione. Questo ci mette in condizioni di personalizzare ogni prodotto offerto sulle specifiche necessit\u00e0 e criticit\u00e0 di un cliente, pratica fondamentale in un ambito complesso come quello della riduzione della rumorosit\u00e0 in un impianto industriale.  <\/strong><\/p>\n<\/div>\n<div>\n<p>Le nostre barriere afone sono realizzate a partire da un telaio base in acciaio, sul quale vengono assemblati dei pannelli fonoassorbenti di rivestimento in lana minerale. Oltre all\u2019elevatissima efficienza di abbattimento acustico, questo materiale \u00e8 infatti imputrescibile, incombustibile e inalterabile, cos\u00ec da garantire una durata pi\u00f9 che soddisfacente. La copertura viene realizzata in lamiera zincata perforata e preverniciata.<\/p>\n<\/div>\n<hr>\n<p><!--more--><br \/>\n<!-- {\"type\":\"layout\",\"children\":[{\"type\":\"section\",\"props\":{\"css\":\".el-section {\\n    position: relative;\\n    overflow: hidden;\\n}\\n\\n.el-section::before {\\n    content: '';\\n    position: absolute;\\n    top: 0;\\n    left: 0;\\n    width: 100%;\\n    height: 100%;\\n    background: inherit; \\\/* Mantiene l'immagine di sfondo *\\\/\\n    clip-path: polygon(0 100%, 100% calc(100% - 150px), 100% 100%, 0 100%); \\\/* Invertito *\\\/\\n    z-index: 1;\\n    pointer-events: none; \\\/* Evita interferenze con il contenuto *\\\/\\n}\\n\\n.el-section > .uk-container {\\n    position: relative;\\n    z-index: 2; \\\/* Porta il contenuto sopra l'effetto *\\\/\\n}\",\"height\":\"viewport\",\"height_offset_top\":true,\"image\":\"wp-content\\\/uploads\\\/2025\\\/05\\\/Compact4-12.jpg\",\"image_position\":\"top-left\",\"image_size\":\"cover\",\"style\":\"default\",\"title_breakpoint\":\"xl\",\"title_position\":\"top-left\",\"title_rotation\":\"left\",\"vertical_align\":\"middle\",\"width\":\"default\"},\"children\":[{\"type\":\"row\",\"props\":{\"column_gap\":\"collapse\",\"layout\":\"1-2,1-2\"},\"children\":[{\"type\":\"column\",\"props\":{\"image_position\":\"center-center\",\"position_sticky_breakpoint\":\"m\",\"width_medium\":\"1-2\"}},{\"type\":\"column\",\"props\":{\"css\":\"\\\/* Posizionamento della card con taglio invertito *\\\/\\n.uk-card-primary {\\n    position: absolute; \\\/* Posizionamento assoluto per sovrapporla *\\\/\\n    bottom: 0; \\\/* Allinea al bordo inferiore *\\\/\\n    right: 0; \\\/* Allinea al bordo destro *\\\/\\n    z-index: 3; \\\/* Porta la card sopra il resto *\\\/\\n    max-width: 540px;\\n    margin: 0 20px 20px 0; \\\/* Aggiunge un po' di margine dal bordo *\\\/\\n    box-shadow: 0 4px 10px rgba(0, 0, 0, 0.2); \\\/* Opzionale: aggiunge un'ombra per evidenziare la card *\\\/\\n    clip-path: polygon(0 calc(100% - 50px), 100% 100%, 100% 0, 0 0); \\\/* Taglio invertito *\\\/\\n    overflow: hidden; \\\/* Nasconde il contenuto che esce dal taglio *\\\/\\n}\",\"image_position\":\"center-center\",\"position_sticky_breakpoint\":\"m\",\"style\":\"card-primary\",\"width_medium\":\"1-2\"},\"children\":[{\"type\":\"headline\",\"props\":{\"block_align\":\"center\",\"content\":\"PARETI AFONE\",\"margin_remove_bottom\":true,\"title_element\":\"h1\",\"title_style\":\"h3\"}},{\"type\":\"text\",\"props\":{\"class\":\"uk-margin-bottom\",\"column_breakpoint\":\"m\",\"content\":\"Progettazione, realizzazione, installazione e manutenzione di pareti afone per l\\u2019industria in tutte le dimensioni.\",\"margin\":\"default\",\"margin_remove_top\":true,\"maxwidth\":\"medium\"}}]}]}],\"name\":\"hero intro\"},{\"type\":\"section\",\"props\":{\"image_position\":\"center-center\",\"padding\":\"xsmall\",\"padding_remove_bottom\":false,\"padding_remove_top\":false,\"style\":\"default\",\"title_breakpoint\":\"xl\",\"title_position\":\"top-left\",\"title_rotation\":\"left\",\"vertical_align\":\"middle\",\"width\":\"default\"},\"children\":[{\"type\":\"row\",\"props\":{\"column_gap\":\"large\",\"layout\":\"1-2,1-2\",\"parallax\":false,\"width\":\"large\"},\"children\":[{\"type\":\"column\",\"props\":{\"image_position\":\"center-center\",\"position_sticky_breakpoint\":\"m\",\"width_medium\":\"1-2\"},\"children\":[{\"type\":\"headline\",\"props\":{\"content\":\"Cosa sono le pareti afone\",\"title_color\":\"primary\",\"title_element\":\"h2\",\"title_style\":\"h3\"}},{\"type\":\"text\",\"props\":{\"column_breakpoint\":\"m\",\"content\":\"\n\n<p>Una parete afona \\u00e8 una barriera che viene progettata e installata negli stabilimenti industriali allo scopo di generare una zona d\\u2019ombra acustica fra la fonte di un forte rumore e gli operatori.<\\\/p>\\n\n\n<p>Questo permette di isolare le postazioni di lavoro dalle zone a massima rumorosit\\u00e0; le pareti afone sono un elemento essenziale nell\\u2019ambito <u>dell\\u2019abbattimento dei rumori in <a href=\"https:\/\/www.brunobalducci.com\/en\/prodotti-e-tecnologie\/abbattimento-rumori\/\">ambito industriale<\\\/u><\/a> <\\\/p>\",\"margin\":\"default\",\"maxwidth\":\"large\",\"text_style\":\"small\"}}]},{\"type\":\"column\",\"props\":{\"image_position\":\"center-center\",\"position_sticky_breakpoint\":\"m\",\"vertical_align\":\"bottom\",\"width_medium\":\"1-2\"},\"children\":[{\"type\":\"headline\",\"props\":{\"content\":\"Perch\\u00e8 si usano le pareti afone\",\"maxwidth\":\"medium\",\"title_color\":\"primary\",\"title_element\":\"h2\",\"title_style\":\"h3\"}},{\"type\":\"text\",\"props\":{\"column_breakpoint\":\"m\",\"content\":\"Il motivo per cui si installano delle pareti afone in uno stabilimento industriale \\u00e8 legato alle difficolt\\u00e0 dell\\u2019isolamento acustico delle strutture, sia in interni che in esterni. Le pareti afone sono infatti progettate per avere la massima efficienza nell\\u2019abbattimento dell\\u2019inquinamento acustico degli elementi costitutivi e delle discontinuit\\u00e0 pre-esistenti, e si rendono pressoch\\u00e9 irrinunciabili per evitare il problema dei riverberi dei soffitti e delle pareti\",\"margin\":\"default\",\"maxwidth\":\"large\",\"text_style\":\"small\"}},{\"type\":\"text\",\"props\":{\"column_breakpoint\":\"m\",\"content\":\"Questo fa s\\u00ec che l\\u2019abbinamento delle pareti afone con le apparecchiature per la filtrazione dell\\u2019aria sia pressoch\\u00e9 costante; in molte circostanze \\u2013 come nei filtri autopulenti, che vengono periodicamente sottoposti a forti e rumorosi getti d\\u2019aria compressa \\u2013 questo tipo di schermatura acustica \\u00e8 l\\u2019unico in grado di risolvere il problema in modo efficiente.\",\"margin\":\"default\",\"maxwidth\":\"large\",\"text_style\":\"small\"}}]}]},{\"type\":\"row\",\"children\":[{\"type\":\"column\",\"props\":{\"image_position\":\"center-center\",\"position_sticky_breakpoint\":\"m\"},\"children\":[{\"type\":\"divider\",\"props\":{\"divider_element\":\"hr\"}}]}]}]},{\"type\":\"section\",\"props\":{\"image_position\":\"center-center\",\"padding\":\"xsmall\",\"padding_remove_top\":false,\"style\":\"default\",\"title_breakpoint\":\"xl\",\"title_position\":\"top-left\",\"title_rotation\":\"left\",\"vertical_align\":\"middle\",\"width\":\"default\"},\"children\":[{\"type\":\"row\",\"children\":[{\"type\":\"column\",\"props\":{\"image_position\":\"center-center\",\"position_sticky_breakpoint\":\"m\"},\"children\":[{\"type\":\"headline\",\"props\":{\"content\":\"Gli ambiti di applicazione delle pareti afone\",\"css\":\".el-element {\\n\\ttext-transform: uppercase;\\n}\",\"title_color\":\"primary\",\"title_element\":\"h2\",\"title_style\":\"h5\"}},{\"type\":\"text\",\"props\":{\"column_breakpoint\":\"m\",\"content\":\"Essendo abbinate ai sistemi di aspirazione [link] e filtrazione [link] dell\\u2019aria, che vengono impiegati in tutti i settori industriali, anche le pareti afone hanno una vastissima gamma di ambiti applicativi. \",\"margin\":\"default\",\"maxwidth\":\"xlarge\"}},{\"type\":\"headline\",\"props\":{\"content\":\"Ecco i principali:\",\"css\":\".el-element {\\n\\tfont-weight: 900;\\n}\",\"title_element\":\"div\",\"title_style\":\"text-small\"}},{\"type\":\"grid\",\"props\":{\"content_column_breakpoint\":\"m\",\"css\":\".el-item {\\n\\tborder-bottom: 1px solid #9F132D;\\n}\\n\\n.el-title {\\n\\ttext-transform: lowercase;\\n}\\n\\n\\\/* Alterna gli sfondi per ogni elemento *\\\/\\n.uk-grid > div:nth-child(odd) .uk-card {\\n    background-color: #fff; \\\/* Colore per gli elementi dispari *\\\/\\n}\\n\\n.uk-grid > div:nth-child(even) .uk-card {\\n    background-color: #f5f5f5; \\\/* Colore per gli elementi pari *\\\/\\n}\",\"filter_align\":\"left\",\"filter_all\":true,\"filter_grid_breakpoint\":\"m\",\"filter_grid_width\":\"auto\",\"filter_position\":\"top\",\"filter_style\":\"tab\",\"grid_column_gap\":\"small\",\"grid_default\":\"1\",\"grid_medium\":\"4\",\"grid_row_gap\":\"small\",\"grid_small\":\"2\",\"icon_width\":\"20\",\"image_align\":\"right\",\"image_grid_breakpoint\":\"\",\"image_grid_width\":\"auto\",\"image_link\":true,\"image_svg_color\":\"primary\",\"image_svg_inline\":true,\"image_vertical_align\":true,\"item_animation\":true,\"lightbox_bg_close\":true,\"link_style\":\"default\",\"link_text\":\"\",\"margin\":\"default\",\"meta_align\":\"below-title\",\"meta_element\":\"div\",\"meta_style\":\"text-meta\",\"panel_link\":true,\"panel_padding\":\"small\",\"panel_style\":\"card-default\",\"show_content\":true,\"show_hover_image\":true,\"show_hover_video\":true,\"show_image\":true,\"show_link\":true,\"show_meta\":true,\"show_title\":true,\"show_video\":true,\"title_align\":\"top\",\"title_element\":\"div\",\"title_grid_breakpoint\":\"m\",\"title_grid_width\":\"1-2\",\"title_hover_style\":\"reset\",\"title_link\":true,\"title_style\":\"text-small\"},\"children\":[{\"type\":\"grid_item\",\"props\":{\"icon\":\"plus\",\"image\":\"\"},\"source\":{\"query\":{\"name\":\"pages.customPage\",\"arguments\":{\"users\":[],\"users_operator\":\"IN\",\"offset\":0,\"order\":\"date\",\"order_direction\":\"DESC\",\"id\":20},\"field\":{\"name\":\"children\",\"arguments\":{\"offset\":0,\"limit\":100,\"order\":\"menu_order\",\"order_direction\":\"DESC\"}}},\"props\":{\"title\":{\"name\":\"title\",\"filters\":{\"replace\":\"\",\"search\":\"IMPIANTI DI ASPIRAZIONE PER\"}},\"link\":{\"name\":\"link\"}}}}]}]}]},{\"type\":\"row\",\"props\":{\"layout\":\"1-2,1-2\"},\"children\":[{\"type\":\"column\",\"props\":{\"image_position\":\"center-center\",\"position_sticky_breakpoint\":\"m\",\"width_medium\":\"1-2\"},\"children\":[{\"type\":\"headline\",\"props\":{\"content\":\"Le pareti afone di Bruno Balducci srl\",\"maxwidth\":\"medium\",\"title_color\":\"primary\",\"title_element\":\"h2\",\"title_style\":\"h3\"}},{\"type\":\"text\",\"props\":{\"column_breakpoint\":\"m\",\"content\":\"\n\n<p><strong>IIn Bruno Balducci srl le pareti afone per abbattimento rumori vengono realizzate interamente da noi, a partire dalla progettazione per arrivare a produzione e installazione. Questo ci mette in condizioni di personalizzare ogni prodotto offerto sulle specifiche necessit\\u00e0 e criticit\\u00e0 di un cliente, pratica fondamentale in un ambito complesso come quello della riduzione della rumorosit\\u00e0 in un impianto industriale.  <\\\/strong><\\\/p>\",\"margin\":\"default\",\"maxwidth\":\"large\",\"text_style\":\"small\"}}]},{\"type\":\"column\",\"props\":{\"class\":\"uk-text-small\",\"image_position\":\"center-center\",\"position_sticky_breakpoint\":\"m\",\"width_medium\":\"1-2\"},\"children\":[{\"type\":\"text\",\"props\":{\"column_breakpoint\":\"m\",\"content\":\"\n\n<p>Le nostre barriere afone sono realizzate a partire da un telaio base in acciaio, sul quale vengono assemblati dei pannelli fonoassorbenti di rivestimento in lana minerale. Oltre all\\u2019elevatissima efficienza di abbattimento acustico, questo materiale \\u00e8 infatti imputrescibile, incombustibile e inalterabile, cos\\u00ec da garantire una durata pi\\u00f9 che soddisfacente. La copertura viene realizzata in lamiera zincata perforata e preverniciata.<\\\/p>\",\"margin\":\"default\",\"maxwidth\":\"large\"}}]}]},{\"type\":\"row\",\"children\":[{\"type\":\"column\",\"props\":{\"image_position\":\"center-center\",\"position_sticky_breakpoint\":\"m\"},\"children\":[{\"type\":\"divider\",\"props\":{\"divider_element\":\"hr\"}}]}]}]}],\"version\":\"4.5.17\"} --><\/p>\n","protected":false},"excerpt":{"rendered":"<p>PARETI AFONE Progettazione, realizzazione, installazione e manutenzione di pareti afone per l\u2019industria in tutte le dimensioni. Cosa sono le pareti afone Una parete afona \u00e8 una barriera che viene progettata e installata negli stabilimenti industriali allo scopo di generare una zona d\u2019ombra acustica fra la fonte di un forte rumore e gli operatori. Questo permette [&hellip;]<\/p>\n","protected":false},"author":1,"featured_media":0,"parent":310,"menu_order":0,"comment_status":"closed","ping_status":"closed","template":"","meta":{"footnotes":""},"class_list":["post-316","page","type-page","status-publish","hentry"],"yoast_head":"<!-- This site is optimized with the Yoast SEO plugin v27.4 - https:\/\/yoast.com\/product\/yoast-seo-wordpress\/ -->\n<title>Progettazione, realizzazione, installazione e manutenzione di pareti afone per l\u2019industria- Bruno Balducci<\/title>\n<meta name=\"description\" content=\"Una parete afona \u00e8 una barriera che viene progettata e installata negli stabilimenti industriali allo scopo di generare una zona d\u2019ombra acustica fra la fonte di un forte rumore e gli operatori.\" \/>\n<meta name=\"robots\" content=\"index, follow, max-snippet:-1, max-image-preview:large, max-video-preview:-1\" \/>\n<link rel=\"canonical\" href=\"https:\/\/www.brunobalducci.com\/en\/prodotti-e-tecnologie\/abbattimento-rumori\/pareti-afone\/\" \/>\n<meta property=\"og:locale\" content=\"en_US\" \/>\n<meta property=\"og:type\" content=\"article\" \/>\n<meta property=\"og:title\" content=\"Progettazione, realizzazione, installazione e manutenzione di pareti afone per l\u2019industria- Bruno Balducci\" \/>\n<meta property=\"og:description\" content=\"Una parete afona \u00e8 una barriera che viene progettata e installata negli stabilimenti industriali allo scopo di generare una zona d\u2019ombra acustica fra la fonte di un forte rumore e gli operatori.\" \/>\n<meta property=\"og:url\" content=\"https:\/\/www.brunobalducci.com\/en\/prodotti-e-tecnologie\/abbattimento-rumori\/pareti-afone\/\" \/>\n<meta property=\"og:site_name\" content=\"Bruno Balducci\" \/>\n<meta property=\"article:modified_time\" content=\"2025-10-17T13:03:43+00:00\" \/>\n<meta name=\"twitter:card\" content=\"summary_large_image\" \/>\n<meta name=\"twitter:label1\" content=\"Est. reading time\" \/>\n\t<meta name=\"twitter:data1\" content=\"2 minutes\" \/>\n<script type=\"application\/ld+json\" class=\"yoast-schema-graph\">{\"@context\":\"https:\\\/\\\/schema.org\",\"@graph\":[{\"@type\":\"WebPage\",\"@id\":\"https:\\\/\\\/www.brunobalducci.com\\\/prodotti-e-tecnologie\\\/abbattimento-rumori\\\/pareti-afone\\\/\",\"url\":\"https:\\\/\\\/www.brunobalducci.com\\\/prodotti-e-tecnologie\\\/abbattimento-rumori\\\/pareti-afone\\\/\",\"name\":\"Progettazione, realizzazione, installazione e manutenzione di pareti afone per l\u2019industria- Bruno Balducci\",\"isPartOf\":{\"@id\":\"https:\\\/\\\/www.brunobalducci.com\\\/#website\"},\"datePublished\":\"2025-05-06T09:03:58+00:00\",\"dateModified\":\"2025-10-17T13:03:43+00:00\",\"description\":\"Una parete afona \u00e8 una barriera che viene progettata e installata negli stabilimenti industriali allo scopo di generare una zona d\u2019ombra acustica fra la fonte di un forte rumore e gli operatori.\",\"breadcrumb\":{\"@id\":\"https:\\\/\\\/www.brunobalducci.com\\\/prodotti-e-tecnologie\\\/abbattimento-rumori\\\/pareti-afone\\\/#breadcrumb\"},\"inLanguage\":\"en-US\",\"potentialAction\":[{\"@type\":\"ReadAction\",\"target\":[\"https:\\\/\\\/www.brunobalducci.com\\\/prodotti-e-tecnologie\\\/abbattimento-rumori\\\/pareti-afone\\\/\"]}]},{\"@type\":\"BreadcrumbList\",\"@id\":\"https:\\\/\\\/www.brunobalducci.com\\\/prodotti-e-tecnologie\\\/abbattimento-rumori\\\/pareti-afone\\\/#breadcrumb\",\"itemListElement\":[{\"@type\":\"ListItem\",\"position\":1,\"name\":\"Home\",\"item\":\"https:\\\/\\\/www.brunobalducci.com\\\/\"},{\"@type\":\"ListItem\",\"position\":2,\"name\":\"PRODOTTI E TECNOLOGIE\",\"item\":\"https:\\\/\\\/www.brunobalducci.com\\\/prodotti-e-tecnologie\\\/\"},{\"@type\":\"ListItem\",\"position\":3,\"name\":\"ABBATTIMENTO RUMORI\",\"item\":\"https:\\\/\\\/www.brunobalducci.com\\\/prodotti-e-tecnologie\\\/abbattimento-rumori\\\/\"},{\"@type\":\"ListItem\",\"position\":4,\"name\":\"PARETI AFONE\"}]},{\"@type\":\"WebSite\",\"@id\":\"https:\\\/\\\/www.brunobalducci.com\\\/#website\",\"url\":\"https:\\\/\\\/www.brunobalducci.com\\\/\",\"name\":\"Bruno Balducci\",\"description\":\"\",\"potentialAction\":[{\"@type\":\"SearchAction\",\"target\":{\"@type\":\"EntryPoint\",\"urlTemplate\":\"https:\\\/\\\/www.brunobalducci.com\\\/?s={search_term_string}\"},\"query-input\":{\"@type\":\"PropertyValueSpecification\",\"valueRequired\":true,\"valueName\":\"search_term_string\"}}],\"inLanguage\":\"en-US\"}]}<\/script>\n<!-- \/ Yoast SEO plugin. -->","yoast_head_json":{"title":"Design, construction, installation, and maintenance of soundproof walls for industry - Bruno Balducci","description":"An anechoic wall is a barrier that is designed and installed in industrial plants in order to generate a sound shadow zone between the source of a loud noise and the operators.","robots":{"index":"index","follow":"follow","max-snippet":"max-snippet:-1","max-image-preview":"max-image-preview:large","max-video-preview":"max-video-preview:-1"},"canonical":"https:\/\/www.brunobalducci.com\/en\/prodotti-e-tecnologie\/abbattimento-rumori\/pareti-afone\/","og_locale":"en_US","og_type":"article","og_title":"Progettazione, realizzazione, installazione e manutenzione di pareti afone per l\u2019industria- Bruno Balducci","og_description":"Una parete afona \u00e8 una barriera che viene progettata e installata negli stabilimenti industriali allo scopo di generare una zona d\u2019ombra acustica fra la fonte di un forte rumore e gli operatori.","og_url":"https:\/\/www.brunobalducci.com\/en\/prodotti-e-tecnologie\/abbattimento-rumori\/pareti-afone\/","og_site_name":"Bruno Balducci","article_modified_time":"2025-10-17T13:03:43+00:00","twitter_card":"summary_large_image","twitter_misc":{"Est. reading time":"2 minutes"},"schema":{"@context":"https:\/\/schema.org","@graph":[{"@type":"WebPage","@id":"https:\/\/www.brunobalducci.com\/prodotti-e-tecnologie\/abbattimento-rumori\/pareti-afone\/","url":"https:\/\/www.brunobalducci.com\/prodotti-e-tecnologie\/abbattimento-rumori\/pareti-afone\/","name":"Design, construction, installation, and maintenance of soundproof walls for industry - Bruno Balducci","isPartOf":{"@id":"https:\/\/www.brunobalducci.com\/#website"},"datePublished":"2025-05-06T09:03:58+00:00","dateModified":"2025-10-17T13:03:43+00:00","description":"An anechoic wall is a barrier that is designed and installed in industrial plants in order to generate a sound shadow zone between the source of a loud noise and the operators.","breadcrumb":{"@id":"https:\/\/www.brunobalducci.com\/prodotti-e-tecnologie\/abbattimento-rumori\/pareti-afone\/#breadcrumb"},"inLanguage":"en-US","potentialAction":[{"@type":"ReadAction","target":["https:\/\/www.brunobalducci.com\/prodotti-e-tecnologie\/abbattimento-rumori\/pareti-afone\/"]}]},{"@type":"BreadcrumbList","@id":"https:\/\/www.brunobalducci.com\/prodotti-e-tecnologie\/abbattimento-rumori\/pareti-afone\/#breadcrumb","itemListElement":[{"@type":"ListItem","position":1,"name":"Home","item":"https:\/\/www.brunobalducci.com\/"},{"@type":"ListItem","position":2,"name":"PRODOTTI E TECNOLOGIE","item":"https:\/\/www.brunobalducci.com\/prodotti-e-tecnologie\/"},{"@type":"ListItem","position":3,"name":"ABBATTIMENTO RUMORI","item":"https:\/\/www.brunobalducci.com\/prodotti-e-tecnologie\/abbattimento-rumori\/"},{"@type":"ListItem","position":4,"name":"PARETI AFONE"}]},{"@type":"WebSite","@id":"https:\/\/www.brunobalducci.com\/#website","url":"https:\/\/www.brunobalducci.com\/","name":"Bruno Balducci","description":"","potentialAction":[{"@type":"SearchAction","target":{"@type":"EntryPoint","urlTemplate":"https:\/\/www.brunobalducci.com\/?s={search_term_string}"},"query-input":{"@type":"PropertyValueSpecification","valueRequired":true,"valueName":"search_term_string"}}],"inLanguage":"en-US"}]}},"_links":{"self":[{"href":"https:\/\/www.brunobalducci.com\/en\/wp-json\/wp\/v2\/pages\/316","targetHints":{"allow":["GET"]}}],"collection":[{"href":"https:\/\/www.brunobalducci.com\/en\/wp-json\/wp\/v2\/pages"}],"about":[{"href":"https:\/\/www.brunobalducci.com\/en\/wp-json\/wp\/v2\/types\/page"}],"author":[{"embeddable":true,"href":"https:\/\/www.brunobalducci.com\/en\/wp-json\/wp\/v2\/users\/1"}],"replies":[{"embeddable":true,"href":"https:\/\/www.brunobalducci.com\/en\/wp-json\/wp\/v2\/comments?post=316"}],"version-history":[{"count":4,"href":"https:\/\/www.brunobalducci.com\/en\/wp-json\/wp\/v2\/pages\/316\/revisions"}],"predecessor-version":[{"id":709,"href":"https:\/\/www.brunobalducci.com\/en\/wp-json\/wp\/v2\/pages\/316\/revisions\/709"}],"up":[{"embeddable":true,"href":"https:\/\/www.brunobalducci.com\/en\/wp-json\/wp\/v2\/pages\/310"}],"wp:attachment":[{"href":"https:\/\/www.brunobalducci.com\/en\/wp-json\/wp\/v2\/media?parent=316"}],"curies":[{"name":"wp","href":"https:\/\/api.w.org\/{rel}","templated":true}]}}