{"id":332,"date":"2025-05-06T09:05:38","date_gmt":"2025-05-06T09:05:38","guid":{"rendered":"https:\/\/blissful-carson.138-201-62-99.plesk.page\/?page_id=332"},"modified":"2025-10-17T13:30:22","modified_gmt":"2025-10-17T13:30:22","slug":"sostituzione-maniche-cartucce-tasche-carbone-attivato","status":"publish","type":"page","link":"https:\/\/www.brunobalducci.com\/en\/prodotti-e-tecnologie\/servizi-controllo-sicurezza-e-industria-4-0\/sostituzione-maniche-cartucce-tasche-carbone-attivato\/","title":{"rendered":"REPLACEMENT OF SLEEVES, CARTRIDGES, POCKETS, ACTIVATED CARBON"},"content":{"rendered":"<h1>SOSTITUZIONE MANICHE, CARTUCCE, TASCHE, CARBONE ATTIVATO<\/h1>\n<div>Fornitura di ricambi e consumabili per tutte le tipologie e marche di impianti di filtrazione aria<\/div>\n<h2>La ricambistica per gli impianti di filtrazione<\/h2>\n<div>\n<p>L\u2019efficienza e il corretto funzionamento di un impianto <a href=\"https:\/\/www.brunobalducci.com\/en\/prodotti-e-tecnologie\/abbattimento-e-filtrazione\/\"><u>di filtrazione dell\u2019aria<\/u><\/a>  dipendono non soltanto dalla sua corretta progettazione e installazione, ma anche \u2013 una volta messo in funzione \u2013 dall\u2019accurata manutenzione di ogni sua parte, inclusa la sostituzione delle parti usurate o esauste.<\/p>\n<p>In un impianto di filtrazione, infatti, tutte le parti fondamentali \u2013 ossia i filtri \u2013 sono sottoposte, anche per via del semplice utilizzo continuo, a impaccamento e usura, fino a renderle inservibili. A quel punto \u00e8 fondamentale provvedere alla loro rigenerazione, ove possibile, oppure alla sostituzione. L\u2019opzione pi\u00f9 comoda e sicura per avere la certezza di disporre sempre per tempo dei nuovi consumabili \u00e8 quella di sottoscrivere un contratto di manutenzione e verifica periodica degli impianti, che ne rilever\u00e0 tempestivamente la necessit\u00e0; ad ogni modo, Bruno Balducci srl fornisce allo stesso modo anche clientela sprovvista di tale contratto, e dispone di ricambistica anche per impianti non di propria realizzazione.<\/p>\n<\/div>\n<h2>I ricambi e i consumabili di Bruno Balducci srl<\/h2>\n<div>\n<p>In Bruno Balducci srl siamo in grado di fornire ricambistica e parti consumabili per una gamma vastissima di modelli di filtri industriali, sia di nostra realizzazione che di altre marche, realizzandole se necessario su misura: pu\u00f2 infatti capitare che impianti pi\u00f9 datati richiedano elementi di filtraggio di forme o dimensioni particolari, che sono usciti dal mercato per obsolescenza. In questi casi, produciamo nelle nostre officine dei componenti assolutamente omologhi agli originali, cos\u00ec da permettere il prolungato funzionamento di tali impianti.<\/p>\n<\/div>\n<div>\n<p>Una lista necessariamente parziale dei ricambi e componenti che possiamo fornire include sicuramente:<\/p>\n<ul>\n<li>\n<p>Maniche filtranti<\/p>\n<\/li>\n<li>\n<p>Cartucce filtranti<\/p>\n<\/li>\n<li>\n<p>Tasche filtranti<\/p>\n<\/li>\n<li>\n<p>Elementi in carbone attivato<\/p>\n<\/li>\n<\/ul>\n<p>Oltre alla normale usura e alla degenerazione dei consumabili, anche un evento straordinario \u2013 come un incendio \u2013 pu\u00f2 richiedere la sostituzione di molte delle parti che abbiamo segnalato. Anche in questi casi, Bruno Balducci srl \u00e8 pronta ad un tempestivo intervento di manutenzione straordinaria.<\/p>\n<\/div>\n<p><p>\n        <a href=\"\/wp-content\/uploads\/2025\/10\/2025_ITA_cartucce-maniche-e-filtri-ricambio.pdf\">Scarica Scheda Tecnica PDF<\/a>\n    <\/p>\n<\/p>\n<hr>\n<p><!--more--><br \/>\n<!-- {\"type\":\"layout\",\"children\":[{\"type\":\"section\",\"props\":{\"css\":\".el-section {\\n    position: relative;\\n    overflow: hidden;\\n}\\n\\n.el-section::before {\\n    content: '';\\n    position: absolute;\\n    top: 0;\\n    left: 0;\\n    width: 100%;\\n    height: 100%;\\n    background: inherit; \\\/* Mantiene l'immagine di sfondo *\\\/\\n    clip-path: polygon(0 100%, 100% calc(100% - 150px), 100% 100%, 0 100%); \\\/* Invertito *\\\/\\n    z-index: 1;\\n    pointer-events: none; \\\/* Evita interferenze con il contenuto *\\\/\\n}\\n\\n.el-section > .uk-container {\\n    position: relative;\\n    z-index: 2; \\\/* Porta il contenuto sopra l'effetto *\\\/\\n}\",\"height\":\"viewport\",\"height_offset_top\":true,\"image\":\"wp-content\\\/uploads\\\/2025\\\/05\\\/Compact4-12.jpg\",\"image_position\":\"top-left\",\"image_size\":\"cover\",\"style\":\"default\",\"title_breakpoint\":\"xl\",\"title_position\":\"top-left\",\"title_rotation\":\"left\",\"vertical_align\":\"middle\",\"width\":\"default\"},\"children\":[{\"type\":\"row\",\"props\":{\"column_gap\":\"collapse\",\"layout\":\"1-2,1-2\"},\"children\":[{\"type\":\"column\",\"props\":{\"image_position\":\"center-center\",\"position_sticky_breakpoint\":\"m\",\"width_medium\":\"1-2\"}},{\"type\":\"column\",\"props\":{\"css\":\"\\\/* Posizionamento della card con taglio invertito *\\\/\\n.uk-card-primary {\\n    position: absolute; \\\/* Posizionamento assoluto per sovrapporla *\\\/\\n    bottom: 0; \\\/* Allinea al bordo inferiore *\\\/\\n    right: 0; \\\/* Allinea al bordo destro *\\\/\\n    z-index: 3; \\\/* Porta la card sopra il resto *\\\/\\n    max-width: 540px;\\n    margin: 0 20px 20px 0; \\\/* Aggiunge un po' di margine dal bordo *\\\/\\n    box-shadow: 0 4px 10px rgba(0, 0, 0, 0.2); \\\/* Opzionale: aggiunge un'ombra per evidenziare la card *\\\/\\n    clip-path: polygon(0 calc(100% - 50px), 100% 100%, 100% 0, 0 0); \\\/* Taglio invertito *\\\/\\n    overflow: hidden; \\\/* Nasconde il contenuto che esce dal taglio *\\\/\\n}\",\"image_position\":\"center-center\",\"position_sticky_breakpoint\":\"m\",\"style\":\"card-primary\",\"width_medium\":\"1-2\"},\"children\":[{\"type\":\"headline\",\"props\":{\"block_align\":\"center\",\"content\":\"SOSTITUZIONE MANICHE, CARTUCCE, TASCHE, CARBONE ATTIVATO\",\"margin_remove_bottom\":true,\"title_element\":\"h1\",\"title_style\":\"h3\"}},{\"type\":\"text\",\"props\":{\"class\":\"uk-margin-bottom\",\"column_breakpoint\":\"m\",\"content\":\"Fornitura di ricambi e consumabili per tutte le tipologie e marche di impianti di filtrazione aria\",\"margin\":\"default\",\"margin_remove_top\":true,\"maxwidth\":\"medium\"}}]}]}],\"name\":\"hero intro\"},{\"type\":\"section\",\"props\":{\"image_position\":\"center-center\",\"padding\":\"xsmall\",\"padding_remove_bottom\":false,\"padding_remove_top\":false,\"style\":\"default\",\"title_breakpoint\":\"xl\",\"title_position\":\"top-left\",\"title_rotation\":\"left\",\"vertical_align\":\"middle\",\"width\":\"default\"},\"children\":[{\"type\":\"row\",\"props\":{\"column_gap\":\"large\",\"layout\":\"1-2,1-2\",\"parallax\":false,\"width\":\"large\"},\"children\":[{\"type\":\"column\",\"props\":{\"image_position\":\"center-center\",\"position_sticky_breakpoint\":\"m\",\"width_medium\":\"1-2\"},\"children\":[{\"type\":\"headline\",\"props\":{\"content\":\"La ricambistica per gli impianti di filtrazione\",\"title_color\":\"primary\",\"title_element\":\"h2\",\"title_style\":\"h3\"}},{\"type\":\"text\",\"props\":{\"column_breakpoint\":\"m\",\"content\":\"\n\n<p>L\\u2019efficienza e il corretto funzionamento di un impianto <a href=\"https:\/\/www.brunobalducci.com\/en\/prodotti-e-tecnologie\/abbattimento-e-filtrazione\/\"><u>di filtrazione dell\\u2019aria<\\\/u><\/a>  dipendono non soltanto dalla sua corretta progettazione e installazione, ma anche \\u2013 una volta messo in funzione \\u2013 dall\\u2019accurata manutenzione di ogni sua parte, inclusa la sostituzione delle parti usurate o esauste.<\\\/p>\\n\n\n<p>In un impianto di filtrazione, infatti, tutte le parti fondamentali \\u2013 ossia i filtri \\u2013 sono sottoposte, anche per via del semplice utilizzo continuo, a impaccamento e usura, fino a renderle inservibili. A quel punto \\u00e8 fondamentale provvedere alla loro rigenerazione, ove possibile, oppure alla sostituzione. L\\u2019opzione pi\\u00f9 comoda e sicura per avere la certezza di disporre sempre per tempo dei nuovi consumabili \\u00e8 quella di sottoscrivere un contratto di manutenzione e verifica periodica degli impianti, che ne rilever\\u00e0 tempestivamente la necessit\\u00e0; ad ogni modo, Bruno Balducci srl fornisce allo stesso modo anche clientela sprovvista di tale contratto, e dispone di ricambistica anche per impianti non di propria realizzazione.<\\\/p>\",\"margin\":\"default\",\"maxwidth\":\"large\",\"text_style\":\"small\"}}]},{\"type\":\"column\",\"props\":{\"image_position\":\"center-center\",\"position_sticky_breakpoint\":\"m\",\"width_medium\":\"1-2\"},\"children\":[{\"type\":\"headline\",\"props\":{\"content\":\"I ricambi e i consumabili di Bruno Balducci srl\",\"title_color\":\"primary\",\"title_element\":\"h2\",\"title_style\":\"h3\"}},{\"type\":\"text\",\"props\":{\"column_breakpoint\":\"m\",\"content\":\"\n\n<p>In Bruno Balducci srl siamo in grado di fornire ricambistica e parti consumabili per una gamma vastissima di modelli di filtri industriali, sia di nostra realizzazione che di altre marche, realizzandole se necessario su misura: pu\\u00f2 infatti capitare che impianti pi\\u00f9 datati richiedano elementi di filtraggio di forme o dimensioni particolari, che sono usciti dal mercato per obsolescenza. In questi casi, produciamo nelle nostre officine dei componenti assolutamente omologhi agli originali, cos\\u00ec da permettere il prolungato funzionamento di tali impianti.<\\\/p>\",\"margin\":\"default\",\"maxwidth\":\"large\",\"text_style\":\"small\"}},{\"type\":\"text\",\"props\":{\"column_breakpoint\":\"m\",\"content\":\"\n\n<p>Una lista necessariamente parziale dei ricambi e componenti che possiamo fornire include sicuramente:<\\\/p>\\n\n\n<ul>\\n\n\n<li>\\n\n\n<p>Maniche filtranti<\\\/p>\\n<\\\/li>\\n\n\n<li>\\n\n\n<p>Cartucce filtranti<\\\/p>\\n<\\\/li>\\n\n\n<li>\\n\n\n<p>Tasche filtranti<\\\/p>\\n<\\\/li>\\n\n\n<li>\\n\n\n<p>Elementi in carbone attivato<\\\/p>\\n<\\\/li>\\n<\\\/ul>\\n\n\n<p>Oltre alla normale usura e alla degenerazione dei consumabili, anche un evento straordinario \\u2013 come un incendio \\u2013 pu\\u00f2 richiedere la sostituzione di molte delle parti che abbiamo segnalato. Anche in questi casi, Bruno Balducci srl \\u00e8 pronta ad un tempestivo intervento di manutenzione straordinaria.<\\\/p>\",\"margin\":\"default\",\"maxwidth\":\"large\",\"text_style\":\"small\"}}]}]},{\"type\":\"row\",\"children\":[{\"type\":\"column\",\"props\":{\"image_position\":\"center-center\",\"position_sticky_breakpoint\":\"m\"},\"children\":[{\"type\":\"button\",\"props\":{\"grid_column_gap\":\"small\",\"grid_row_gap\":\"small\",\"margin\":\"default\"},\"children\":[{\"type\":\"button_item\",\"props\":{\"button_style\":\"primary\",\"content\":\"Scarica Scheda Tecnica PDF\",\"dialog_layout\":\"modal\",\"dialog_offcanvas_flip\":true,\"icon\":\"file-pdf\",\"icon_align\":\"left\",\"link\":\"wp-content\\\/uploads\\\/2025\\\/10\\\/2025_ITA_cartucce-maniche-e-filtri-ricambio.pdf\"}}],\"name\":\"Scarica Scheda Tecnica PDF\"}]}]},{\"type\":\"row\",\"children\":[{\"type\":\"column\",\"props\":{\"image_position\":\"center-center\",\"position_sticky_breakpoint\":\"m\"},\"children\":[{\"type\":\"divider\",\"props\":{\"divider_element\":\"hr\"}}]}]}]}],\"version\":\"4.5.19\"} --><\/p>\n","protected":false},"excerpt":{"rendered":"<p>SOSTITUZIONE MANICHE, CARTUCCE, TASCHE, CARBONE ATTIVATO Fornitura di ricambi e consumabili per tutte le tipologie e marche di impianti di filtrazione aria La ricambistica per gli impianti di filtrazione L\u2019efficienza e il corretto funzionamento di un impianto di filtrazione dell\u2019aria dipendono non soltanto dalla sua corretta progettazione e installazione, ma anche \u2013 una volta messo [&hellip;]<\/p>\n","protected":false},"author":1,"featured_media":0,"parent":326,"menu_order":0,"comment_status":"closed","ping_status":"closed","template":"","meta":{"footnotes":""},"class_list":["post-332","page","type-page","status-publish","hentry"],"yoast_head":"<!-- This site is optimized with the Yoast SEO plugin v27.4 - https:\/\/yoast.com\/product\/yoast-seo-wordpress\/ -->\n<title>Fornitura di ricambi e consumabili per tutte le tipologie e marche di impianti di filtrazione aria- Bruno Balducci<\/title>\n<meta name=\"description\" content=\"L\u2019efficienza e il corretto funzionamento di un impianto di filtrazione dell\u2019aria dipendono non soltanto dalla sua corretta progettazione e installazione, ma anche \u2013 una volta messo in funzione \u2013 dall\u2019accurata manutenzione di ogni sua parte, inclusa la sostituzione delle parti usurate o esauste.\" \/>\n<meta name=\"robots\" content=\"index, follow, max-snippet:-1, max-image-preview:large, max-video-preview:-1\" \/>\n<link rel=\"canonical\" href=\"https:\/\/www.brunobalducci.com\/en\/prodotti-e-tecnologie\/servizi-controllo-sicurezza-e-industria-4-0\/sostituzione-maniche-cartucce-tasche-carbone-attivato\/\" \/>\n<meta property=\"og:locale\" content=\"en_US\" \/>\n<meta property=\"og:type\" content=\"article\" \/>\n<meta property=\"og:title\" content=\"Fornitura di ricambi e consumabili per tutte le tipologie e marche di impianti di filtrazione aria- Bruno Balducci\" \/>\n<meta property=\"og:description\" content=\"L\u2019efficienza e il corretto funzionamento di un impianto di filtrazione dell\u2019aria dipendono non soltanto dalla sua corretta progettazione e installazione, ma anche \u2013 una volta messo in funzione \u2013 dall\u2019accurata manutenzione di ogni sua parte, inclusa la sostituzione delle parti usurate o esauste.\" \/>\n<meta property=\"og:url\" content=\"https:\/\/www.brunobalducci.com\/en\/prodotti-e-tecnologie\/servizi-controllo-sicurezza-e-industria-4-0\/sostituzione-maniche-cartucce-tasche-carbone-attivato\/\" \/>\n<meta property=\"og:site_name\" content=\"Bruno Balducci\" \/>\n<meta property=\"article:modified_time\" content=\"2025-10-17T13:30:22+00:00\" \/>\n<meta name=\"twitter:card\" content=\"summary_large_image\" \/>\n<meta name=\"twitter:label1\" content=\"Est. reading time\" \/>\n\t<meta name=\"twitter:data1\" content=\"2 minutes\" \/>\n<script type=\"application\/ld+json\" class=\"yoast-schema-graph\">{\"@context\":\"https:\\\/\\\/schema.org\",\"@graph\":[{\"@type\":\"WebPage\",\"@id\":\"https:\\\/\\\/www.brunobalducci.com\\\/prodotti-e-tecnologie\\\/servizi-controllo-sicurezza-e-industria-4-0\\\/sostituzione-maniche-cartucce-tasche-carbone-attivato\\\/\",\"url\":\"https:\\\/\\\/www.brunobalducci.com\\\/prodotti-e-tecnologie\\\/servizi-controllo-sicurezza-e-industria-4-0\\\/sostituzione-maniche-cartucce-tasche-carbone-attivato\\\/\",\"name\":\"Fornitura di ricambi e consumabili per tutte le tipologie e marche di impianti di filtrazione aria- Bruno Balducci\",\"isPartOf\":{\"@id\":\"https:\\\/\\\/www.brunobalducci.com\\\/#website\"},\"datePublished\":\"2025-05-06T09:05:38+00:00\",\"dateModified\":\"2025-10-17T13:30:22+00:00\",\"description\":\"L\u2019efficienza e il corretto funzionamento di un impianto di filtrazione dell\u2019aria dipendono non soltanto dalla sua corretta progettazione e installazione, ma anche \u2013 una volta messo in funzione \u2013 dall\u2019accurata manutenzione di ogni sua parte, inclusa la sostituzione delle parti usurate o esauste.\",\"breadcrumb\":{\"@id\":\"https:\\\/\\\/www.brunobalducci.com\\\/prodotti-e-tecnologie\\\/servizi-controllo-sicurezza-e-industria-4-0\\\/sostituzione-maniche-cartucce-tasche-carbone-attivato\\\/#breadcrumb\"},\"inLanguage\":\"en-US\",\"potentialAction\":[{\"@type\":\"ReadAction\",\"target\":[\"https:\\\/\\\/www.brunobalducci.com\\\/prodotti-e-tecnologie\\\/servizi-controllo-sicurezza-e-industria-4-0\\\/sostituzione-maniche-cartucce-tasche-carbone-attivato\\\/\"]}]},{\"@type\":\"BreadcrumbList\",\"@id\":\"https:\\\/\\\/www.brunobalducci.com\\\/prodotti-e-tecnologie\\\/servizi-controllo-sicurezza-e-industria-4-0\\\/sostituzione-maniche-cartucce-tasche-carbone-attivato\\\/#breadcrumb\",\"itemListElement\":[{\"@type\":\"ListItem\",\"position\":1,\"name\":\"Home\",\"item\":\"https:\\\/\\\/www.brunobalducci.com\\\/\"},{\"@type\":\"ListItem\",\"position\":2,\"name\":\"PRODOTTI E TECNOLOGIE\",\"item\":\"https:\\\/\\\/www.brunobalducci.com\\\/prodotti-e-tecnologie\\\/\"},{\"@type\":\"ListItem\",\"position\":3,\"name\":\"SERVIZI, CONTROLLO, SICUREZZA E INDUSTRIA 4.0\",\"item\":\"https:\\\/\\\/www.brunobalducci.com\\\/prodotti-e-tecnologie\\\/servizi-controllo-sicurezza-e-industria-4-0\\\/\"},{\"@type\":\"ListItem\",\"position\":4,\"name\":\"SOSTITUZIONE MANICHE, CARTUCCE, TASCHE, CARBONE ATTIVATO\"}]},{\"@type\":\"WebSite\",\"@id\":\"https:\\\/\\\/www.brunobalducci.com\\\/#website\",\"url\":\"https:\\\/\\\/www.brunobalducci.com\\\/\",\"name\":\"Bruno Balducci\",\"description\":\"\",\"potentialAction\":[{\"@type\":\"SearchAction\",\"target\":{\"@type\":\"EntryPoint\",\"urlTemplate\":\"https:\\\/\\\/www.brunobalducci.com\\\/?s={search_term_string}\"},\"query-input\":{\"@type\":\"PropertyValueSpecification\",\"valueRequired\":true,\"valueName\":\"search_term_string\"}}],\"inLanguage\":\"en-US\"}]}<\/script>\n<!-- \/ Yoast SEO plugin. -->","yoast_head_json":{"title":"Supply of spare parts and consumables for all types and brands of air filtration systems - Bruno Balducci","description":"The efficiency and proper functioning of an air filtration system depend not only on its correct design and installation, but also \u2013 once it is in operation \u2013 on the careful maintenance of all its parts, including the replacement of worn-out or exhausted parts.","robots":{"index":"index","follow":"follow","max-snippet":"max-snippet:-1","max-image-preview":"max-image-preview:large","max-video-preview":"max-video-preview:-1"},"canonical":"https:\/\/www.brunobalducci.com\/en\/prodotti-e-tecnologie\/servizi-controllo-sicurezza-e-industria-4-0\/sostituzione-maniche-cartucce-tasche-carbone-attivato\/","og_locale":"en_US","og_type":"article","og_title":"Fornitura di ricambi e consumabili per tutte le tipologie e marche di impianti di filtrazione aria- Bruno Balducci","og_description":"L\u2019efficienza e il corretto funzionamento di un impianto di filtrazione dell\u2019aria dipendono non soltanto dalla sua corretta progettazione e installazione, ma anche \u2013 una volta messo in funzione \u2013 dall\u2019accurata manutenzione di ogni sua parte, inclusa la sostituzione delle parti usurate o esauste.","og_url":"https:\/\/www.brunobalducci.com\/en\/prodotti-e-tecnologie\/servizi-controllo-sicurezza-e-industria-4-0\/sostituzione-maniche-cartucce-tasche-carbone-attivato\/","og_site_name":"Bruno Balducci","article_modified_time":"2025-10-17T13:30:22+00:00","twitter_card":"summary_large_image","twitter_misc":{"Est. reading time":"2 minutes"},"schema":{"@context":"https:\/\/schema.org","@graph":[{"@type":"WebPage","@id":"https:\/\/www.brunobalducci.com\/prodotti-e-tecnologie\/servizi-controllo-sicurezza-e-industria-4-0\/sostituzione-maniche-cartucce-tasche-carbone-attivato\/","url":"https:\/\/www.brunobalducci.com\/prodotti-e-tecnologie\/servizi-controllo-sicurezza-e-industria-4-0\/sostituzione-maniche-cartucce-tasche-carbone-attivato\/","name":"Supply of spare parts and consumables for all types and brands of air filtration systems - Bruno Balducci","isPartOf":{"@id":"https:\/\/www.brunobalducci.com\/#website"},"datePublished":"2025-05-06T09:05:38+00:00","dateModified":"2025-10-17T13:30:22+00:00","description":"The efficiency and proper functioning of an air filtration system depend not only on its correct design and installation, but also \u2013 once it is in operation \u2013 on the careful maintenance of all its parts, including the replacement of worn-out or exhausted parts.","breadcrumb":{"@id":"https:\/\/www.brunobalducci.com\/prodotti-e-tecnologie\/servizi-controllo-sicurezza-e-industria-4-0\/sostituzione-maniche-cartucce-tasche-carbone-attivato\/#breadcrumb"},"inLanguage":"en-US","potentialAction":[{"@type":"ReadAction","target":["https:\/\/www.brunobalducci.com\/prodotti-e-tecnologie\/servizi-controllo-sicurezza-e-industria-4-0\/sostituzione-maniche-cartucce-tasche-carbone-attivato\/"]}]},{"@type":"BreadcrumbList","@id":"https:\/\/www.brunobalducci.com\/prodotti-e-tecnologie\/servizi-controllo-sicurezza-e-industria-4-0\/sostituzione-maniche-cartucce-tasche-carbone-attivato\/#breadcrumb","itemListElement":[{"@type":"ListItem","position":1,"name":"Home","item":"https:\/\/www.brunobalducci.com\/"},{"@type":"ListItem","position":2,"name":"PRODOTTI E TECNOLOGIE","item":"https:\/\/www.brunobalducci.com\/prodotti-e-tecnologie\/"},{"@type":"ListItem","position":3,"name":"SERVIZI, CONTROLLO, SICUREZZA E INDUSTRIA 4.0","item":"https:\/\/www.brunobalducci.com\/prodotti-e-tecnologie\/servizi-controllo-sicurezza-e-industria-4-0\/"},{"@type":"ListItem","position":4,"name":"SOSTITUZIONE MANICHE, CARTUCCE, TASCHE, CARBONE ATTIVATO"}]},{"@type":"WebSite","@id":"https:\/\/www.brunobalducci.com\/#website","url":"https:\/\/www.brunobalducci.com\/","name":"Bruno Balducci","description":"","potentialAction":[{"@type":"SearchAction","target":{"@type":"EntryPoint","urlTemplate":"https:\/\/www.brunobalducci.com\/?s={search_term_string}"},"query-input":{"@type":"PropertyValueSpecification","valueRequired":true,"valueName":"search_term_string"}}],"inLanguage":"en-US"}]}},"_links":{"self":[{"href":"https:\/\/www.brunobalducci.com\/en\/wp-json\/wp\/v2\/pages\/332","targetHints":{"allow":["GET"]}}],"collection":[{"href":"https:\/\/www.brunobalducci.com\/en\/wp-json\/wp\/v2\/pages"}],"about":[{"href":"https:\/\/www.brunobalducci.com\/en\/wp-json\/wp\/v2\/types\/page"}],"author":[{"embeddable":true,"href":"https:\/\/www.brunobalducci.com\/en\/wp-json\/wp\/v2\/users\/1"}],"replies":[{"embeddable":true,"href":"https:\/\/www.brunobalducci.com\/en\/wp-json\/wp\/v2\/comments?post=332"}],"version-history":[{"count":5,"href":"https:\/\/www.brunobalducci.com\/en\/wp-json\/wp\/v2\/pages\/332\/revisions"}],"predecessor-version":[{"id":934,"href":"https:\/\/www.brunobalducci.com\/en\/wp-json\/wp\/v2\/pages\/332\/revisions\/934"}],"up":[{"embeddable":true,"href":"https:\/\/www.brunobalducci.com\/en\/wp-json\/wp\/v2\/pages\/326"}],"wp:attachment":[{"href":"https:\/\/www.brunobalducci.com\/en\/wp-json\/wp\/v2\/media?parent=332"}],"curies":[{"name":"wp","href":"https:\/\/api.w.org\/{rel}","templated":true}]}}