{"id":893,"date":"2025-09-15T16:07:22","date_gmt":"2025-09-15T16:07:22","guid":{"rendered":"https:\/\/blissful-carson.138-201-62-99.plesk.page\/?page_id=893"},"modified":"2025-09-15T16:13:31","modified_gmt":"2025-09-15T16:13:31","slug":"politica-della-qualita","status":"publish","type":"page","link":"https:\/\/www.brunobalducci.com\/en\/politica-della-qualita\/","title":{"rendered":"QUALITY POLICY"},"content":{"rendered":"<div>\n<div class=\"uk-container\">\n<div class=\"uk-text-center uk-margin-large-bottom\">\n<h1 class=\"uk-heading-medium\">POLITICA DELLA QUALIT\u00c0<\/h1>\n<p class=\"uk-text-lead uk-margin-top\">Costituisce impegno di <strong>BRUNO BALDUCCI SRL<\/strong> fornire prodotti e servizi che garantiscano la piena soddisfazione delle esigenze del Cliente.<\/p>\n<\/div>\n<div class=\"uk-grid-match uk-grid-medium\" uk-grid>\n<div class=\"uk-width-1-1\">\n<div class=\"uk-card uk-card-default uk-card-body uk-card-hover\">\n<p>Per ottenere questo risultato, BRUNO BALDUCCI SRL richiede ai suoi operatori professionalit\u00e0 e capacit\u00e0 di gestione. A tal scopo la Direzione Generale di BRUNO BALDUCCI SRL ha deciso inoltre di sviluppare un Sistema di Gestione per la Qualit\u00e0 che garantisca il raggiungimento degli obiettivi prefissati.<\/p>\n<p>Tale Sistema \u00e8 stato sviluppato in accordo con la norma <strong>UNI EN ISO 9001<\/strong>; questa norma indica i requisiti che devono essere soddisfatti per garantire la qualit\u00e0 dei prodotti \/ servizi forniti e la soddisfazione dei Clienti.<\/p>\n<p>Il Sistema di Gestione per la Qualit\u00e0 stabilisce modalit\u00e0 esecutive, compiti, responsabilit\u00e0 e interfacce di ogni funzione aziendale che concorre al raggiungimento e mantenimento del livello di qualit\u00e0 nel rispetto dei costi previsti. L&#8217;applicazione dei criteri illustrati, la verifica della loro efficacia ed il loro aggiornamento sono garantiti dal costante apporto e sostegno della Direzione Generale.<\/p>\n<p>La Direzione Generale \u00e8 inoltre particolarmente responsabile della puntuale applicazione delle prescrizioni contenute nel presente Manuale e nelle Procedure da esso richiamate.<\/p>\n<p>Con l&#8217;approvazione della presente Dichiarazione, la Direzione Generale di BRUNO BALDUCCI SRL si assume l&#8217;impegno di rendere operative le prescrizioni e le metodologie richiamate dal Manuale della Qualit\u00e0 e di garantirne l&#8217;applicazione.<\/p>\n<\/div>\n<\/div>\n<\/div>\n<div class=\"uk-margin-large-top\">\n<h2 class=\"uk-heading-small\">Obiettivi Principali<\/h2>\n<div class=\"uk-grid-match uk-grid-medium uk-child-width-1-1 uk-child-width-1-2@s uk-child-width-1-3@m\" uk-grid>\n<div>\n<div class=\"uk-card uk-card-primary uk-card-body uk-card-hover\"><span class=\"uk-icon uk-margin-small-right\" uk-icon=\"icon: cog; ratio: 1.2\"><\/span><\/p>\n<h3 class=\"uk-card-title uk-display-inline-block uk-margin-remove-top\">Valutazione e Analisi<\/h3>\n<p>Valutazione annuale del contesto e analisi dei fattori interni ed esterni che possono influenzare il raggiungimento degli obiettivi. Valutazione di rischi e opportunit\u00e0 provenienti dalla pianificazione strategica aziendale.<\/p>\n<\/div>\n<\/div>\n<div>\n<div class=\"uk-card uk-card-default uk-card-body uk-card-hover\"><span class=\"uk-icon uk-margin-small-right\" uk-icon=\"icon: check; ratio: 1.2\"><\/span><\/p>\n<h3 class=\"uk-card-title uk-display-inline-block uk-margin-remove-top\">Rispetto al Servizio<\/h3>\n<p>Realizzazione di servizi che rispondano in maniera adeguata alle aspettative dei clienti, anche nel pieno rispetto della legislazione vigente.<\/p>\n<\/div>\n<\/div>\n<div>\n<div class=\"uk-card uk-card-default uk-card-body uk-card-hover\"><span class=\"uk-icon uk-margin-small-right\" uk-icon=\"icon: users; ratio: 1.2\"><\/span><\/p>\n<h3 class=\"uk-card-title uk-display-inline-block uk-margin-remove-top\">Rispetto alla Struttura<\/h3>\n<p>Strutturazione della societ\u00e0 in modo da eguagliare i migliori parametri qualitativi in ogni settore di attivit\u00e0 attraverso un lavoro di squadra.<\/p>\n<\/div>\n<\/div>\n<div>\n<div class=\"uk-card uk-card-default uk-card-body uk-card-hover\"><span class=\"uk-icon uk-margin-small-right\" uk-icon=\"icon: happy; ratio: 1.2\"><\/span><\/p>\n<h3 class=\"uk-card-title uk-display-inline-block uk-margin-remove-top\">Rispetto ai Clienti<\/h3>\n<p>Garantire il massimo soddisfacimento delle esigenze dei Clienti mediante il rispetto delle richieste implicite ed esplicite.<\/p>\n<\/div>\n<\/div>\n<div>\n<div class=\"uk-card uk-card-default uk-card-body uk-card-hover\"><span class=\"uk-icon uk-margin-small-right\" uk-icon=\"icon: folder; ratio: 1.2\"><\/span><\/p>\n<h3 class=\"uk-card-title uk-display-inline-block uk-margin-remove-top\">Rispetto ai Fornitori<\/h3>\n<p>Una scelta dei fornitori sulla base della loro capacit\u00e0 di rispondere alle richieste ed esigenze di BRUNO BALDUCCI SRL.<\/p>\n<\/div>\n<\/div>\n<div>\n<div class=\"uk-card uk-card-default uk-card-body uk-card-hover\"><span class=\"uk-icon uk-margin-small-right\" uk-icon=\"icon: file-text; ratio: 1.2\"><\/span><\/p>\n<h3 class=\"uk-card-title uk-display-inline-block uk-margin-remove-top\">Rispetto agli Obiettivi Economici<\/h3>\n<p>Consolidamento ed armonico sviluppo del business anche attraverso l&#8217;acquisizione di attivit\u00e0 sinergiche.<\/p>\n<\/div>\n<\/div>\n<\/div>\n<\/div>\n<\/div>\n<\/div>\n<p><p>\n        <a href=\"\/wp-content\/uploads\/2025\/09\/Politica-della-Qualita.pdf\">SCARICA IN PDF<\/a>\n    <\/p>\n<\/p>\n<p><!--more--><br \/>\n<!-- {\"type\":\"layout\",\"children\":[{\"type\":\"section\",\"props\":{\"image_position\":\"center-center\",\"style\":\"default\",\"title_breakpoint\":\"xl\",\"title_position\":\"top-left\",\"title_rotation\":\"left\",\"vertical_align\":\"middle\",\"width\":\"default\"},\"children\":[{\"type\":\"row\",\"children\":[{\"type\":\"column\",\"props\":{\"image_position\":\"center-center\",\"position_sticky_breakpoint\":\"m\"},\"children\":[{\"type\":\"text\",\"props\":{\"column_breakpoint\":\"m\",\"content\":\"\n\n<div class=\\\"uk-container\\\">\\n\n\n<div class=\\\"uk-text-center uk-margin-large-bottom\\\">\\n\n\n<h1 class=\\\"uk-heading-medium\\\">POLITICA DELLA QUALIT\\u00c0<\\\/h1>\\n\n\n<p class=\\\"uk-text-lead uk-margin-top\\\">Costituisce impegno di <strong>BRUNO BALDUCCI SRL<\\\/strong> fornire prodotti e servizi che garantiscano la piena soddisfazione delle esigenze del Cliente.<\\\/p>\\n<\\\/div>\\n\n\n<div class=\\\"uk-grid-match uk-grid-medium\\\" uk-grid>\\n\n\n<div class=\\\"uk-width-1-1\\\">\\n\n\n<div class=\\\"uk-card uk-card-default uk-card-body uk-card-hover\\\">\\n\n\n<p>Per ottenere questo risultato, BRUNO BALDUCCI SRL richiede ai suoi operatori professionalit\\u00e0 e capacit\\u00e0 di gestione. A tal scopo la Direzione Generale di BRUNO BALDUCCI SRL ha deciso inoltre di sviluppare un Sistema di Gestione per la Qualit\\u00e0 che garantisca il raggiungimento degli obiettivi prefissati.<\\\/p>\\n\n\n<p>Tale Sistema \\u00e8 stato sviluppato in accordo con la norma <strong>UNI EN ISO 9001<\\\/strong>; questa norma indica i requisiti che devono essere soddisfatti per garantire la qualit\\u00e0 dei prodotti \\\/ servizi forniti e la soddisfazione dei Clienti.<\\\/p>\\n\n\n<p>Il Sistema di Gestione per la Qualit\\u00e0 stabilisce modalit\\u00e0 esecutive, compiti, responsabilit\\u00e0 e interfacce di ogni funzione aziendale che concorre al raggiungimento e mantenimento del livello di qualit\\u00e0 nel rispetto dei costi previsti. L'applicazione dei criteri illustrati, la verifica della loro efficacia ed il loro aggiornamento sono garantiti dal costante apporto e sostegno della Direzione Generale.<\\\/p>\\n\n\n<p>La Direzione Generale \\u00e8 inoltre particolarmente responsabile della puntuale applicazione delle prescrizioni contenute nel presente Manuale e nelle Procedure da esso richiamate.<\\\/p>\\n\n\n<p>Con l'approvazione della presente Dichiarazione, la Direzione Generale di BRUNO BALDUCCI SRL si assume l'impegno di rendere operative le prescrizioni e le metodologie richiamate dal Manuale della Qualit\\u00e0 e di garantirne l'applicazione.<\\\/p>\\n<\\\/div>\\n<\\\/div>\\n<\\\/div>\\n\n\n<div class=\\\"uk-margin-large-top\\\">\\n\n\n<h2 class=\\\"uk-heading-small\\\">Obiettivi Principali<\\\/h2>\\n\n\n<div class=\\\"uk-grid-match uk-grid-medium uk-child-width-1-1 uk-child-width-1-2@s uk-child-width-1-3@m\\\" uk-grid>\\n\n\n<div>\\n\n\n<div class=\\\"uk-card uk-card-primary uk-card-body uk-card-hover\\\"><span class=\\\"uk-icon uk-margin-small-right\\\" uk-icon=\\\"icon: cog; ratio: 1.2\\\"><\\\/span>\\n\n\n<h3 class=\\\"uk-card-title uk-display-inline-block uk-margin-remove-top\\\">Valutazione e Analisi<\\\/h3>\\n\n\n<p>Valutazione annuale del contesto e analisi dei fattori interni ed esterni che possono influenzare il raggiungimento degli obiettivi. Valutazione di rischi e opportunit\\u00e0 provenienti dalla pianificazione strategica aziendale.<\\\/p>\\n<\\\/div>\\n<\\\/div>\\n\n\n<div>\\n\n\n<div class=\\\"uk-card uk-card-default uk-card-body uk-card-hover\\\"><span class=\\\"uk-icon uk-margin-small-right\\\" uk-icon=\\\"icon: check; ratio: 1.2\\\"><\\\/span>\\n\n\n<h3 class=\\\"uk-card-title uk-display-inline-block uk-margin-remove-top\\\">Rispetto al Servizio<\\\/h3>\\n\n\n<p>Realizzazione di servizi che rispondano in maniera adeguata alle aspettative dei clienti, anche nel pieno rispetto della legislazione vigente.<\\\/p>\\n<\\\/div>\\n<\\\/div>\\n\n\n<div>\\n\n\n<div class=\\\"uk-card uk-card-default uk-card-body uk-card-hover\\\"><span class=\\\"uk-icon uk-margin-small-right\\\" uk-icon=\\\"icon: users; ratio: 1.2\\\"><\\\/span>\\n\n\n<h3 class=\\\"uk-card-title uk-display-inline-block uk-margin-remove-top\\\">Rispetto alla Struttura<\\\/h3>\\n\n\n<p>Strutturazione della societ\\u00e0 in modo da eguagliare i migliori parametri qualitativi in ogni settore di attivit\\u00e0 attraverso un lavoro di squadra.<\\\/p>\\n<\\\/div>\\n<\\\/div>\\n\n\n<div>\\n\n\n<div class=\\\"uk-card uk-card-default uk-card-body uk-card-hover\\\"><span class=\\\"uk-icon uk-margin-small-right\\\" uk-icon=\\\"icon: happy; ratio: 1.2\\\"><\\\/span>\\n\n\n<h3 class=\\\"uk-card-title uk-display-inline-block uk-margin-remove-top\\\">Rispetto ai Clienti<\\\/h3>\\n\n\n<p>Garantire il massimo soddisfacimento delle esigenze dei Clienti mediante il rispetto delle richieste implicite ed esplicite.<\\\/p>\\n<\\\/div>\\n<\\\/div>\\n\n\n<div>\\n\n\n<div class=\\\"uk-card uk-card-default uk-card-body uk-card-hover\\\"><span class=\\\"uk-icon uk-margin-small-right\\\" uk-icon=\\\"icon: folder; ratio: 1.2\\\"><\\\/span>\\n\n\n<h3 class=\\\"uk-card-title uk-display-inline-block uk-margin-remove-top\\\">Rispetto ai Fornitori<\\\/h3>\\n\n\n<p>Una scelta dei fornitori sulla base della loro capacit\\u00e0 di rispondere alle richieste ed esigenze di BRUNO BALDUCCI SRL.<\\\/p>\\n<\\\/div>\\n<\\\/div>\\n\n\n<div>\\n\n\n<div class=\\\"uk-card uk-card-default uk-card-body uk-card-hover\\\"><span class=\\\"uk-icon uk-margin-small-right\\\" uk-icon=\\\"icon: file-text; ratio: 1.2\\\"><\\\/span>\\n\n\n<h3 class=\\\"uk-card-title uk-display-inline-block uk-margin-remove-top\\\">Rispetto agli Obiettivi Economici<\\\/h3>\\n\n\n<p>Consolidamento ed armonico sviluppo del business anche attraverso l'acquisizione di attivit\\u00e0 sinergiche.<\\\/p>\\n<\\\/div>\\n<\\\/div>\\n<\\\/div>\\n<\\\/div>\\n<\\\/div>\",\"margin\":\"default\"}}]}]},{\"type\":\"row\",\"children\":[{\"type\":\"column\",\"props\":{\"image_position\":\"center-center\",\"position_sticky_breakpoint\":\"m\"},\"children\":[{\"type\":\"button\",\"props\":{\"grid_column_gap\":\"small\",\"grid_row_gap\":\"small\",\"margin\":\"default\"},\"children\":[{\"type\":\"button_item\",\"props\":{\"button_style\":\"default\",\"content\":\"SCARICA IN PDF\",\"dialog_layout\":\"modal\",\"dialog_offcanvas_flip\":true,\"icon\":\"file-pdf\",\"icon_align\":\"left\",\"link\":\"wp-content\\\/uploads\\\/2025\\\/09\\\/Politica-della-Qualita.pdf\"}}]}]}]}]}],\"version\":\"4.5.19\"} --><\/p>\n","protected":false},"excerpt":{"rendered":"<p>POLITICA DELLA QUALIT\u00c0 Costituisce impegno di BRUNO BALDUCCI SRL fornire prodotti e servizi che garantiscano la piena soddisfazione delle esigenze del Cliente. Per ottenere questo risultato, BRUNO BALDUCCI SRL richiede ai suoi operatori professionalit\u00e0 e capacit\u00e0 di gestione. A tal scopo la Direzione Generale di BRUNO BALDUCCI SRL ha deciso inoltre di sviluppare un Sistema [&hellip;]<\/p>\n","protected":false},"author":1,"featured_media":0,"parent":0,"menu_order":0,"comment_status":"closed","ping_status":"closed","template":"","meta":{"footnotes":""},"class_list":["post-893","page","type-page","status-publish","hentry"],"yoast_head":"<!-- This site is optimized with the Yoast SEO plugin v27.4 - https:\/\/yoast.com\/product\/yoast-seo-wordpress\/ -->\n<title>POLITICA DELLA QUALIT\u00c1 - Bruno Balducci<\/title>\n<meta name=\"robots\" content=\"index, follow, max-snippet:-1, max-image-preview:large, max-video-preview:-1\" \/>\n<link rel=\"canonical\" href=\"https:\/\/www.brunobalducci.com\/en\/politica-della-qualita\/\" \/>\n<meta property=\"og:locale\" content=\"en_US\" \/>\n<meta property=\"og:type\" content=\"article\" \/>\n<meta property=\"og:title\" content=\"POLITICA DELLA QUALIT\u00c1 - Bruno Balducci\" \/>\n<meta property=\"og:description\" content=\"POLITICA DELLA QUALIT\u00c0 Costituisce impegno di BRUNO BALDUCCI SRL fornire prodotti e servizi che garantiscano la piena soddisfazione delle esigenze del Cliente. Per ottenere questo risultato, BRUNO BALDUCCI SRL richiede ai suoi operatori professionalit\u00e0 e capacit\u00e0 di gestione. A tal scopo la Direzione Generale di BRUNO BALDUCCI SRL ha deciso inoltre di sviluppare un Sistema [&hellip;]\" \/>\n<meta property=\"og:url\" content=\"https:\/\/www.brunobalducci.com\/en\/politica-della-qualita\/\" \/>\n<meta property=\"og:site_name\" content=\"Bruno Balducci\" \/>\n<meta property=\"article:modified_time\" content=\"2025-09-15T16:13:31+00:00\" \/>\n<meta name=\"twitter:card\" content=\"summary_large_image\" \/>\n<meta name=\"twitter:label1\" content=\"Est. reading time\" \/>\n\t<meta name=\"twitter:data1\" content=\"2 minutes\" \/>\n<script type=\"application\/ld+json\" class=\"yoast-schema-graph\">{\"@context\":\"https:\\\/\\\/schema.org\",\"@graph\":[{\"@type\":\"WebPage\",\"@id\":\"https:\\\/\\\/www.brunobalducci.com\\\/politica-della-qualita\\\/\",\"url\":\"https:\\\/\\\/www.brunobalducci.com\\\/politica-della-qualita\\\/\",\"name\":\"POLITICA DELLA QUALIT\u00c1 - Bruno Balducci\",\"isPartOf\":{\"@id\":\"https:\\\/\\\/www.brunobalducci.com\\\/#website\"},\"datePublished\":\"2025-09-15T16:07:22+00:00\",\"dateModified\":\"2025-09-15T16:13:31+00:00\",\"breadcrumb\":{\"@id\":\"https:\\\/\\\/www.brunobalducci.com\\\/politica-della-qualita\\\/#breadcrumb\"},\"inLanguage\":\"en-US\",\"potentialAction\":[{\"@type\":\"ReadAction\",\"target\":[\"https:\\\/\\\/www.brunobalducci.com\\\/politica-della-qualita\\\/\"]}]},{\"@type\":\"BreadcrumbList\",\"@id\":\"https:\\\/\\\/www.brunobalducci.com\\\/politica-della-qualita\\\/#breadcrumb\",\"itemListElement\":[{\"@type\":\"ListItem\",\"position\":1,\"name\":\"Home\",\"item\":\"https:\\\/\\\/www.brunobalducci.com\\\/\"},{\"@type\":\"ListItem\",\"position\":2,\"name\":\"POLITICA DELLA QUALIT\u00c1\"}]},{\"@type\":\"WebSite\",\"@id\":\"https:\\\/\\\/www.brunobalducci.com\\\/#website\",\"url\":\"https:\\\/\\\/www.brunobalducci.com\\\/\",\"name\":\"Bruno Balducci\",\"description\":\"\",\"potentialAction\":[{\"@type\":\"SearchAction\",\"target\":{\"@type\":\"EntryPoint\",\"urlTemplate\":\"https:\\\/\\\/www.brunobalducci.com\\\/?s={search_term_string}\"},\"query-input\":{\"@type\":\"PropertyValueSpecification\",\"valueRequired\":true,\"valueName\":\"search_term_string\"}}],\"inLanguage\":\"en-US\"}]}<\/script>\n<!-- \/ Yoast SEO plugin. -->","yoast_head_json":{"title":"QUALITY POLICY - Bruno Balducci","robots":{"index":"index","follow":"follow","max-snippet":"max-snippet:-1","max-image-preview":"max-image-preview:large","max-video-preview":"max-video-preview:-1"},"canonical":"https:\/\/www.brunobalducci.com\/en\/politica-della-qualita\/","og_locale":"en_US","og_type":"article","og_title":"POLITICA DELLA QUALIT\u00c1 - Bruno Balducci","og_description":"POLITICA DELLA QUALIT\u00c0 Costituisce impegno di BRUNO BALDUCCI SRL fornire prodotti e servizi che garantiscano la piena soddisfazione delle esigenze del Cliente. Per ottenere questo risultato, BRUNO BALDUCCI SRL richiede ai suoi operatori professionalit\u00e0 e capacit\u00e0 di gestione. A tal scopo la Direzione Generale di BRUNO BALDUCCI SRL ha deciso inoltre di sviluppare un Sistema [&hellip;]","og_url":"https:\/\/www.brunobalducci.com\/en\/politica-della-qualita\/","og_site_name":"Bruno Balducci","article_modified_time":"2025-09-15T16:13:31+00:00","twitter_card":"summary_large_image","twitter_misc":{"Est. reading time":"2 minutes"},"schema":{"@context":"https:\/\/schema.org","@graph":[{"@type":"WebPage","@id":"https:\/\/www.brunobalducci.com\/politica-della-qualita\/","url":"https:\/\/www.brunobalducci.com\/politica-della-qualita\/","name":"QUALITY POLICY - Bruno Balducci","isPartOf":{"@id":"https:\/\/www.brunobalducci.com\/#website"},"datePublished":"2025-09-15T16:07:22+00:00","dateModified":"2025-09-15T16:13:31+00:00","breadcrumb":{"@id":"https:\/\/www.brunobalducci.com\/politica-della-qualita\/#breadcrumb"},"inLanguage":"en-US","potentialAction":[{"@type":"ReadAction","target":["https:\/\/www.brunobalducci.com\/politica-della-qualita\/"]}]},{"@type":"BreadcrumbList","@id":"https:\/\/www.brunobalducci.com\/politica-della-qualita\/#breadcrumb","itemListElement":[{"@type":"ListItem","position":1,"name":"Home","item":"https:\/\/www.brunobalducci.com\/"},{"@type":"ListItem","position":2,"name":"POLITICA DELLA QUALIT\u00c1"}]},{"@type":"WebSite","@id":"https:\/\/www.brunobalducci.com\/#website","url":"https:\/\/www.brunobalducci.com\/","name":"Bruno Balducci","description":"","potentialAction":[{"@type":"SearchAction","target":{"@type":"EntryPoint","urlTemplate":"https:\/\/www.brunobalducci.com\/?s={search_term_string}"},"query-input":{"@type":"PropertyValueSpecification","valueRequired":true,"valueName":"search_term_string"}}],"inLanguage":"en-US"}]}},"_links":{"self":[{"href":"https:\/\/www.brunobalducci.com\/en\/wp-json\/wp\/v2\/pages\/893","targetHints":{"allow":["GET"]}}],"collection":[{"href":"https:\/\/www.brunobalducci.com\/en\/wp-json\/wp\/v2\/pages"}],"about":[{"href":"https:\/\/www.brunobalducci.com\/en\/wp-json\/wp\/v2\/types\/page"}],"author":[{"embeddable":true,"href":"https:\/\/www.brunobalducci.com\/en\/wp-json\/wp\/v2\/users\/1"}],"replies":[{"embeddable":true,"href":"https:\/\/www.brunobalducci.com\/en\/wp-json\/wp\/v2\/comments?post=893"}],"version-history":[{"count":5,"href":"https:\/\/www.brunobalducci.com\/en\/wp-json\/wp\/v2\/pages\/893\/revisions"}],"predecessor-version":[{"id":899,"href":"https:\/\/www.brunobalducci.com\/en\/wp-json\/wp\/v2\/pages\/893\/revisions\/899"}],"wp:attachment":[{"href":"https:\/\/www.brunobalducci.com\/en\/wp-json\/wp\/v2\/media?parent=893"}],"curies":[{"name":"wp","href":"https:\/\/api.w.org\/{rel}","templated":true}]}}